{"id":324373,"date":"2024-04-27T13:46:52","date_gmt":"2024-04-27T11:46:52","guid":{"rendered":"https:\/\/www.pomoline.com\/web-pruebas\/producto\/tirador-pomo-cromo-herrajes-mueble-bano-15x10mm\/"},"modified":"2025-03-13T21:28:02","modified_gmt":"2025-03-13T20:28:02","slug":"bouton-chrome-porte-meuble-bain-15x10mm","status":"publish","type":"product","link":"https:\/\/www.pomoline.com\/fr\/produit\/bouton-chrome-porte-meuble-bain-15x10mm\/","title":{"rendered":"BOUTON CHROM\u00c9 | PORTE MEUBLE BAIN 15x10MM"},"content":{"rendered":"<p>Boutons en m\u00e9tal chrom\u00e9 pour tiroirs de meubles modernes. Nous avons beaucoup de formes et pouvons \u00eatre mont\u00e9s sur des portes d&rsquo;armoires. Ce mod\u00e8le particulier est le MOD 016 bouton chrom\u00e9 | porte meuble bain 15x10mm<\/p>\n","protected":false},"excerpt":{"rendered":"<p>Boutons en m\u00e9tal chrom\u00e9 pour tiroirs de meubles modernes. Nous avons beaucoup de formes et pouvons \u00eatre mont\u00e9s sur des portes d&rsquo;armoires. Ce mod\u00e8le particulier est le MOD 016 bouton chrom\u00e9 | porte meuble bain 15x10mm<\/p>\n","protected":false},"featured_media":407964,"template":"","meta":{"_joinchat":[]},"product_brand":[],"product_cat":[963,5189],"product_tag":[],"class_list":{"0":"post-324373","1":"product","2":"type-product","3":"status-publish","4":"has-post-thumbnail","6":"product_cat-poignees-de-meubles","7":"product_cat-boutons-et-poignees-tiroir-meuble","8":"pa_color-chrome-poignees-boutons-pieds-meuble-portamanteaux-mur-porte","9":"pa_tendencia-boutons-meuble-tiroir-moderne","11":"first","12":"instock","13":"taxable","14":"shipping-taxable","15":"purchasable","16":"product-type-variable","17":"has-default-attributes","18":"wvs-archive-product-wrapper"},"_links":{"self":[{"href":"https:\/\/www.pomoline.com\/fr\/wp-json\/wp\/v2\/product\/324373","targetHints":{"allow":["GET"]}}],"collection":[{"href":"https:\/\/www.pomoline.com\/fr\/wp-json\/wp\/v2\/product"}],"about":[{"href":"https:\/\/www.pomoline.com\/fr\/wp-json\/wp\/v2\/types\/product"}],"wp:featuredmedia":[{"embeddable":true,"href":"https:\/\/www.pomoline.com\/fr\/wp-json\/wp\/v2\/media\/407964"}],"wp:attachment":[{"href":"https:\/\/www.pomoline.com\/fr\/wp-json\/wp\/v2\/media?parent=324373"}],"wp:term":[{"taxonomy":"product_brand","embeddable":true,"href":"https:\/\/www.pomoline.com\/fr\/wp-json\/wp\/v2\/product_brand?post=324373"},{"taxonomy":"product_cat","embeddable":true,"href":"https:\/\/www.pomoline.com\/fr\/wp-json\/wp\/v2\/product_cat?post=324373"},{"taxonomy":"product_tag","embeddable":true,"href":"https:\/\/www.pomoline.com\/fr\/wp-json\/wp\/v2\/product_tag?post=324373"}],"curies":[{"name":"wp","href":"https:\/\/api.w.org\/{rel}","templated":true}]}}