{"id":324377,"date":"2024-04-27T13:46:58","date_gmt":"2024-04-27T11:46:58","guid":{"rendered":"https:\/\/www.pomoline.com\/web-pruebas\/producto\/pomo-laton-cepillado-con-decorado-esmaltado-para-mueble-clasico\/"},"modified":"2025-03-13T21:27:46","modified_gmt":"2025-03-13T20:27:46","slug":"bouton-de-meuble-fleur-laiton-brosse-decor-30mmx23mm","status":"publish","type":"product","link":"https:\/\/www.pomoline.com\/fr\/produit\/bouton-de-meuble-fleur-laiton-brosse-decor-30mmx23mm\/","title":{"rendered":"BOUTON DE MEUBLE FLEUR LAITON BROSS\u00c9 DECOR 30MMx23mm"},"content":{"rendered":"<p>Poign\u00e9es classiques en porcelaine et c\u00e9ramique pour meubles rustiques vintage. Ce sont des boutons tr\u00e8s \u00e9l\u00e9gants pour cette atmosph\u00e8re exclusive des villas. Ce mod\u00e8le sp\u00e9cifique est le bouton MOD 014 en laiton bross\u00e9 \u00e0 d\u00e9cor \u00e9maill\u00e9 pour meuble classique<\/p>\n","protected":false},"excerpt":{"rendered":"<p>Poign\u00e9es classiques en porcelaine et c\u00e9ramique pour meubles rustiques vintage. Ce sont des boutons tr\u00e8s \u00e9l\u00e9gants pour cette atmosph\u00e8re exclusive des villas. Ce mod\u00e8le sp\u00e9cifique est le bouton MOD 014 en laiton bross\u00e9 \u00e0 d\u00e9cor \u00e9maill\u00e9 pour meuble classique<\/p>\n","protected":false},"featured_media":407960,"template":"","meta":{"_joinchat":[]},"product_brand":[],"product_cat":[5189,987],"product_tag":[],"class_list":{"0":"post-324377","1":"product","2":"type-product","3":"status-publish","4":"has-post-thumbnail","6":"product_cat-boutons-et-poignees-tiroir-meuble","7":"product_cat-boutons-en-porcelaine-pour-tiroir-porte-meuble","8":"pa_color-laiton-brosse-poignees-boutons-pieds-meuble-portamanteaux-mur-porte","9":"pa_tendencia-boutons-en-porcelaine-classique-pour-meuble","11":"first","12":"instock","13":"taxable","14":"shipping-taxable","15":"purchasable","16":"product-type-variable","17":"has-default-attributes","18":"wvs-archive-product-wrapper"},"_links":{"self":[{"href":"https:\/\/www.pomoline.com\/fr\/wp-json\/wp\/v2\/product\/324377","targetHints":{"allow":["GET"]}}],"collection":[{"href":"https:\/\/www.pomoline.com\/fr\/wp-json\/wp\/v2\/product"}],"about":[{"href":"https:\/\/www.pomoline.com\/fr\/wp-json\/wp\/v2\/types\/product"}],"wp:featuredmedia":[{"embeddable":true,"href":"https:\/\/www.pomoline.com\/fr\/wp-json\/wp\/v2\/media\/407960"}],"wp:attachment":[{"href":"https:\/\/www.pomoline.com\/fr\/wp-json\/wp\/v2\/media?parent=324377"}],"wp:term":[{"taxonomy":"product_brand","embeddable":true,"href":"https:\/\/www.pomoline.com\/fr\/wp-json\/wp\/v2\/product_brand?post=324377"},{"taxonomy":"product_cat","embeddable":true,"href":"https:\/\/www.pomoline.com\/fr\/wp-json\/wp\/v2\/product_cat?post=324377"},{"taxonomy":"product_tag","embeddable":true,"href":"https:\/\/www.pomoline.com\/fr\/wp-json\/wp\/v2\/product_tag?post=324377"}],"curies":[{"name":"wp","href":"https:\/\/api.w.org\/{rel}","templated":true}]}}