{"id":324381,"date":"2024-04-27T13:47:05","date_gmt":"2024-04-27T11:47:05","guid":{"rendered":"https:\/\/www.pomoline.com\/web-pruebas\/producto\/pomo-cromo-tiradores-asas-metal-mueble\/"},"modified":"2025-03-13T21:27:28","modified_gmt":"2025-03-13T20:27:28","slug":"bouton-chrome-metal-poignee-meuble","status":"publish","type":"product","link":"https:\/\/www.pomoline.com\/fr\/produit\/bouton-chrome-metal-poignee-meuble\/","title":{"rendered":"BOUTON CHROME | METAL POIGN\u00c9E MEUBLE"},"content":{"rendered":"<p>Boutons en m\u00e9tal chrom\u00e9 pour tiroirs de meubles modernes. Nous avons beaucoup de formes et pouvons \u00eatre mont\u00e9s sur des portes d&rsquo;armoires. Ce mod\u00e8le particulier est le MOD 013 bouton chrome | metal poign\u00e9e meuble<\/p>\n","protected":false},"excerpt":{"rendered":"<p>Boutons en m\u00e9tal chrom\u00e9 pour tiroirs de meubles modernes. Nous avons beaucoup de formes et pouvons \u00eatre mont\u00e9s sur des portes d&rsquo;armoires. Ce mod\u00e8le particulier est le MOD 013 bouton chrome | metal poign\u00e9e meuble<\/p>\n","protected":false},"featured_media":407956,"template":"","meta":{"_joinchat":[]},"product_brand":[],"product_cat":[963,5189],"product_tag":[],"class_list":{"0":"post-324381","1":"product","2":"type-product","3":"status-publish","4":"has-post-thumbnail","6":"product_cat-poignees-de-meubles","7":"product_cat-boutons-et-poignees-tiroir-meuble","8":"pa_color-chrome-poignees-boutons-pieds-meuble-portamanteaux-mur-porte","9":"pa_color-chrome-mat-poignees-boutons-pieds-meuble-portamanteaux-mur-porte","10":"pa_color-nickel-matte-poignees-boutons-pieds-meuble-portamanteaux-mur-porte","11":"pa_tendencia-boutons-rond-en-metal-pour-meuble","13":"first","14":"instock","15":"taxable","16":"shipping-taxable","17":"purchasable","18":"product-type-variable","19":"has-default-attributes","20":"wvs-archive-product-wrapper"},"_links":{"self":[{"href":"https:\/\/www.pomoline.com\/fr\/wp-json\/wp\/v2\/product\/324381","targetHints":{"allow":["GET"]}}],"collection":[{"href":"https:\/\/www.pomoline.com\/fr\/wp-json\/wp\/v2\/product"}],"about":[{"href":"https:\/\/www.pomoline.com\/fr\/wp-json\/wp\/v2\/types\/product"}],"wp:featuredmedia":[{"embeddable":true,"href":"https:\/\/www.pomoline.com\/fr\/wp-json\/wp\/v2\/media\/407956"}],"wp:attachment":[{"href":"https:\/\/www.pomoline.com\/fr\/wp-json\/wp\/v2\/media?parent=324381"}],"wp:term":[{"taxonomy":"product_brand","embeddable":true,"href":"https:\/\/www.pomoline.com\/fr\/wp-json\/wp\/v2\/product_brand?post=324381"},{"taxonomy":"product_cat","embeddable":true,"href":"https:\/\/www.pomoline.com\/fr\/wp-json\/wp\/v2\/product_cat?post=324381"},{"taxonomy":"product_tag","embeddable":true,"href":"https:\/\/www.pomoline.com\/fr\/wp-json\/wp\/v2\/product_tag?post=324381"}],"curies":[{"name":"wp","href":"https:\/\/api.w.org\/{rel}","templated":true}]}}