{"id":324433,"date":"2024-04-27T13:48:24","date_gmt":"2024-04-27T11:48:24","guid":{"rendered":"https:\/\/www.pomoline.com\/web-pruebas\/producto\/tirador-pomo-laton-viejo-herrajes-mueble-clasico-23mm\/"},"modified":"2025-03-13T21:23:44","modified_gmt":"2025-03-13T20:23:44","slug":"bouton-vieux-laiton-porte-meuble-classique-23mm","status":"publish","type":"product","link":"https:\/\/www.pomoline.com\/fr\/produit\/bouton-vieux-laiton-porte-meuble-classique-23mm\/","title":{"rendered":"BOUTON VIEUX LAITON | PORTE MEUBLE CLASSIQUE 23MM"},"content":{"rendered":"<p>Boutons en laiton vieilli et argent\u00e9 pour meubles rustiques et tiroirs d&rsquo;\u00e9poque. Ils sont tr\u00e8s attrayants pour les maisons avec une atmosph\u00e8re classique. Ce mod\u00e8le particulier est le MOD 002 BRONCE bouton vieux laiton | porte meuble classique 23mm<\/p>\n","protected":false},"excerpt":{"rendered":"<p>Boutons en laiton vieilli et argent\u00e9 pour meubles rustiques et tiroirs d&rsquo;\u00e9poque. Ils sont tr\u00e8s attrayants pour les maisons avec une atmosph\u00e8re classique. Ce mod\u00e8le particulier est le MOD 002 BRONCE bouton vieux laiton | porte meuble classique 23mm<\/p>\n","protected":false},"featured_media":407904,"template":"","meta":{"_joinchat":[]},"product_brand":[],"product_cat":[971,5189],"product_tag":[],"class_list":{"0":"post-324433","1":"product","2":"type-product","3":"status-publish","4":"has-post-thumbnail","6":"product_cat-boutons-tiroir-meuble-metal-classique","7":"product_cat-boutons-et-poignees-tiroir-meuble","8":"pa_color-vieux-laiton-poignees-boutons-pieds-meuble-portamanteaux-mur-porte","9":"pa_tendencia-pognees-meuble-art-deco","11":"first","12":"instock","13":"taxable","14":"shipping-taxable","15":"purchasable","16":"product-type-variable","17":"has-default-attributes","18":"wvs-archive-product-wrapper"},"_links":{"self":[{"href":"https:\/\/www.pomoline.com\/fr\/wp-json\/wp\/v2\/product\/324433","targetHints":{"allow":["GET"]}}],"collection":[{"href":"https:\/\/www.pomoline.com\/fr\/wp-json\/wp\/v2\/product"}],"about":[{"href":"https:\/\/www.pomoline.com\/fr\/wp-json\/wp\/v2\/types\/product"}],"wp:featuredmedia":[{"embeddable":true,"href":"https:\/\/www.pomoline.com\/fr\/wp-json\/wp\/v2\/media\/407904"}],"wp:attachment":[{"href":"https:\/\/www.pomoline.com\/fr\/wp-json\/wp\/v2\/media?parent=324433"}],"wp:term":[{"taxonomy":"product_brand","embeddable":true,"href":"https:\/\/www.pomoline.com\/fr\/wp-json\/wp\/v2\/product_brand?post=324433"},{"taxonomy":"product_cat","embeddable":true,"href":"https:\/\/www.pomoline.com\/fr\/wp-json\/wp\/v2\/product_cat?post=324433"},{"taxonomy":"product_tag","embeddable":true,"href":"https:\/\/www.pomoline.com\/fr\/wp-json\/wp\/v2\/product_tag?post=324433"}],"curies":[{"name":"wp","href":"https:\/\/api.w.org\/{rel}","templated":true}]}}