{"id":324449,"date":"2024-04-27T13:48:47","date_gmt":"2024-04-27T11:48:47","guid":{"rendered":"https:\/\/www.pomoline.com\/web-pruebas\/producto\/tirador-pomo-de-mueble-cuadrado-niquel-cepillado-y-metacrilato-blanco\/"},"modified":"2025-03-13T21:22:33","modified_gmt":"2025-03-13T20:22:33","slug":"bouton-de-meuble-carre-nicke-brosse-metacrylate-blanche-28mm-moderne","status":"publish","type":"product","link":"https:\/\/www.pomoline.com\/fr\/produit\/bouton-de-meuble-carre-nicke-brosse-metacrylate-blanche-28mm-moderne\/","title":{"rendered":"BOUTON DE MEUBLE CARR\u00c9 NICKE BROSS\u00c9ANDMETACRYLATE BLANCHE 28MM"},"content":{"rendered":"<p>Boutons et boutons de tiroir et portes tr\u00e8s modernes pour des meubles chill-out chics. Ce mod\u00e8le particulier est le MOD 0007 bouton de meuble carr\u00e9 nicke bross\u00e9andmetacrylate blanche 28mm<\/p>\n","protected":false},"excerpt":{"rendered":"<p>Boutons et boutons de tiroir et portes tr\u00e8s modernes pour des meubles chill-out chics. Ce mod\u00e8le particulier est le MOD 0007 bouton de meuble carr\u00e9 nicke bross\u00e9andmetacrylate blanche 28mm<\/p>\n","protected":false},"featured_media":407886,"template":"","meta":{"_joinchat":[]},"product_brand":[],"product_cat":[963,5189],"product_tag":[],"class_list":{"0":"post-324449","1":"product","2":"type-product","3":"status-publish","4":"has-post-thumbnail","6":"product_cat-poignees-de-meubles","7":"product_cat-boutons-et-poignees-tiroir-meuble","8":"pa_color-blanc-poignees-boutons-pieds-meuble-portamanteaux-mur-porte","9":"pa_tendencia-boutonts-et-poignees-meuble-pop","11":"first","12":"instock","13":"taxable","14":"shipping-taxable","15":"purchasable","16":"product-type-variable","17":"has-default-attributes","18":"wvs-archive-product-wrapper"},"_links":{"self":[{"href":"https:\/\/www.pomoline.com\/fr\/wp-json\/wp\/v2\/product\/324449","targetHints":{"allow":["GET"]}}],"collection":[{"href":"https:\/\/www.pomoline.com\/fr\/wp-json\/wp\/v2\/product"}],"about":[{"href":"https:\/\/www.pomoline.com\/fr\/wp-json\/wp\/v2\/types\/product"}],"wp:featuredmedia":[{"embeddable":true,"href":"https:\/\/www.pomoline.com\/fr\/wp-json\/wp\/v2\/media\/407886"}],"wp:attachment":[{"href":"https:\/\/www.pomoline.com\/fr\/wp-json\/wp\/v2\/media?parent=324449"}],"wp:term":[{"taxonomy":"product_brand","embeddable":true,"href":"https:\/\/www.pomoline.com\/fr\/wp-json\/wp\/v2\/product_brand?post=324449"},{"taxonomy":"product_cat","embeddable":true,"href":"https:\/\/www.pomoline.com\/fr\/wp-json\/wp\/v2\/product_cat?post=324449"},{"taxonomy":"product_tag","embeddable":true,"href":"https:\/\/www.pomoline.com\/fr\/wp-json\/wp\/v2\/product_tag?post=324449"}],"curies":[{"name":"wp","href":"https:\/\/api.w.org\/{rel}","templated":true}]}}