{"id":324453,"date":"2024-04-27T13:48:52","date_gmt":"2024-04-27T11:48:52","guid":{"rendered":"https:\/\/www.pomoline.com\/web-pruebas\/producto\/tirador-pomo-de-mueble-metacrilato-negro\/"},"modified":"2025-03-13T21:22:15","modified_gmt":"2025-03-13T20:22:15","slug":"bouton-de-meuble-metacrylate-noir","status":"publish","type":"product","link":"https:\/\/www.pomoline.com\/fr\/produit\/bouton-de-meuble-metacrylate-noir\/","title":{"rendered":"BOUTON DE MEUBLE METACRYLATE NOIR"},"content":{"rendered":"<p>Poign\u00e9es et boutons de tiroirs et de portes tr\u00e8s modernes pour des meubles chics. Ce mod\u00e8le particulier est le MOD 0004 bouton de meuble metacrylate noir<\/p>\n","protected":false},"excerpt":{"rendered":"<p>Poign\u00e9es et boutons de tiroirs et de portes tr\u00e8s modernes pour des meubles chics. Ce mod\u00e8le particulier est le MOD 0004 bouton de meuble metacrylate noir<\/p>\n","protected":false},"featured_media":407882,"template":"","meta":{"_joinchat":[]},"product_brand":[],"product_cat":[963,5189],"product_tag":[],"class_list":{"0":"post-324453","1":"product","2":"type-product","3":"status-publish","4":"has-post-thumbnail","6":"product_cat-poignees-de-meubles","7":"product_cat-boutons-et-poignees-tiroir-meuble","8":"pa_color-noir-poignees-boutons-pieds-meuble-portamanteaux-mur-porte","9":"pa_tendencia-boutonts-et-poignees-meuble-pop","11":"first","12":"instock","13":"taxable","14":"shipping-taxable","15":"purchasable","16":"product-type-variable","17":"has-default-attributes","18":"wvs-archive-product-wrapper"},"_links":{"self":[{"href":"https:\/\/www.pomoline.com\/fr\/wp-json\/wp\/v2\/product\/324453","targetHints":{"allow":["GET"]}}],"collection":[{"href":"https:\/\/www.pomoline.com\/fr\/wp-json\/wp\/v2\/product"}],"about":[{"href":"https:\/\/www.pomoline.com\/fr\/wp-json\/wp\/v2\/types\/product"}],"wp:featuredmedia":[{"embeddable":true,"href":"https:\/\/www.pomoline.com\/fr\/wp-json\/wp\/v2\/media\/407882"}],"wp:attachment":[{"href":"https:\/\/www.pomoline.com\/fr\/wp-json\/wp\/v2\/media?parent=324453"}],"wp:term":[{"taxonomy":"product_brand","embeddable":true,"href":"https:\/\/www.pomoline.com\/fr\/wp-json\/wp\/v2\/product_brand?post=324453"},{"taxonomy":"product_cat","embeddable":true,"href":"https:\/\/www.pomoline.com\/fr\/wp-json\/wp\/v2\/product_cat?post=324453"},{"taxonomy":"product_tag","embeddable":true,"href":"https:\/\/www.pomoline.com\/fr\/wp-json\/wp\/v2\/product_tag?post=324453"}],"curies":[{"name":"wp","href":"https:\/\/api.w.org\/{rel}","templated":true}]}}