{"id":407342,"date":"2024-09-12T12:49:41","date_gmt":"2024-09-12T10:49:41","guid":{"rendered":"https:\/\/www.pomoline.com\/web-pruebas\/producto\/pomo-bola-plastico-colores-brillo-para-mueble-infantil-y-tirador-cajon-34\/"},"modified":"2025-07-07T11:30:00","modified_gmt":"2025-07-07T09:30:00","slug":"bouton-boule-couleur-brillant-meuble-enfants-poignee-tiroir-34","status":"publish","type":"product","link":"https:\/\/www.pomoline.com\/fr\/produit\/bouton-boule-couleur-brillant-meuble-enfants-poignee-tiroir-34\/","title":{"rendered":"BOUTON BOULE COULEUR BRILLANT MEUBLE ENFANTS POIGN\u00c9E TIROIR 34MM"},"content":{"rendered":"<p>Boutons en plastique de 34 mm peints en couleurs pour tiroirs de meubles pour enfants. Ces poign\u00e9es ont de tr\u00e8s bons prix et donnent \u00e0 la pi\u00e8ce une tr\u00e8s belle touche. Ce mod\u00e8le sp\u00e9cifique est le bouton boule en plastique de couleur vive MOD 626 pour meubl<\/p>\n","protected":false},"excerpt":{"rendered":"<p>Boutons en plastique de 34 mm peints en couleurs pour tiroirs de meubles pour enfants. Ces poign\u00e9es ont de tr\u00e8s bons prix et donnent \u00e0 la pi\u00e8ce une tr\u00e8s belle touche. Ce mod\u00e8le sp\u00e9cifique est le bouton boule en plastique de couleur vive MOD 626 pour meubl<\/p>\n","protected":false},"featured_media":411324,"template":"","meta":{"_joinchat":[]},"product_brand":[],"product_cat":[995],"product_tag":[],"class_list":{"0":"post-407342","1":"product","2":"type-product","3":"status-publish","4":"has-post-thumbnail","6":"product_cat-boutons-meuble-pour-enfants-bebe","7":"pa_color-vert-poignees-boutons-pieds-meuble-portamanteaux-mur-porte","8":"pa_color-noir-poignees-boutons-pieds-meuble-portamanteaux-mur-porte","9":"pa_color-blanc-poignees-boutons-pieds-meuble-portamanteaux-mur-porte","10":"pa_color-bleu-fonce-poignees-boutons-pieds-meuble-portamanteaux-mur-porte","11":"pa_color-jaune-poignees-boutons-pieds-meuble-portamanteaux-mur-porte","12":"pa_color-bleu-poignees-boutons-pieds-meuble-portamanteaux-mur-porte","13":"pa_color-bleu-clair-poignees-boutons-pieds-meuble-portamanteaux-mur-porte","14":"pa_color-chrome-mat-poignees-boutons-pieds-meuble-portamanteaux-mur-porte","15":"pa_color-gris-poignees-boutons-pieds-meuble-portamanteaux-mur-porte","16":"pa_color-magenta-poignees-boutons-pieds-meuble-portamanteaux-mur-porte","17":"pa_color-orange-poignees-boutons-pieds-meuble-portamanteaux-mur-porte","18":"pa_color-rose-poignees-boutons-pieds-meuble-portamanteaux-mur-porte","19":"pa_color-rouge-poignees-boutons-pieds-meuble-portamanteaux-mur-porte","20":"pa_color-vert-pistache-poignees-boutons-pieds-meuble-portamanteaux-mur-porte","21":"pa_color-violet-poignees-boutons-pieds-meuble-portamanteaux-mur-porte","22":"pa_tendencia-bouton-balle-tiroir-meuble","24":"first","25":"instock","26":"taxable","27":"shipping-taxable","28":"purchasable","29":"product-type-variable","30":"has-default-attributes","31":"wvs-archive-product-wrapper"},"_links":{"self":[{"href":"https:\/\/www.pomoline.com\/fr\/wp-json\/wp\/v2\/product\/407342","targetHints":{"allow":["GET"]}}],"collection":[{"href":"https:\/\/www.pomoline.com\/fr\/wp-json\/wp\/v2\/product"}],"about":[{"href":"https:\/\/www.pomoline.com\/fr\/wp-json\/wp\/v2\/types\/product"}],"wp:featuredmedia":[{"embeddable":true,"href":"https:\/\/www.pomoline.com\/fr\/wp-json\/wp\/v2\/media\/411324"}],"wp:attachment":[{"href":"https:\/\/www.pomoline.com\/fr\/wp-json\/wp\/v2\/media?parent=407342"}],"wp:term":[{"taxonomy":"product_brand","embeddable":true,"href":"https:\/\/www.pomoline.com\/fr\/wp-json\/wp\/v2\/product_brand?post=407342"},{"taxonomy":"product_cat","embeddable":true,"href":"https:\/\/www.pomoline.com\/fr\/wp-json\/wp\/v2\/product_cat?post=407342"},{"taxonomy":"product_tag","embeddable":true,"href":"https:\/\/www.pomoline.com\/fr\/wp-json\/wp\/v2\/product_tag?post=407342"}],"curies":[{"name":"wp","href":"https:\/\/api.w.org\/{rel}","templated":true}]}}