{"id":426727,"date":"2024-12-01T19:58:28","date_gmt":"2024-12-01T18:58:28","guid":{"rendered":"https:\/\/www.pomoline.com\/web-pruebas\/producto\/pomo-40mm-porcelana-beige-con-flor-bronce-envejecido\/"},"modified":"2025-03-13T21:19:18","modified_gmt":"2025-03-13T20:19:18","slug":"bouton-40mm-porcelaine-beige-avec-fleur-bronze-antique","status":"publish","type":"product","link":"https:\/\/www.pomoline.com\/fr\/produit\/bouton-40mm-porcelaine-beige-avec-fleur-bronze-antique\/","title":{"rendered":"BOUTON 40MM PORCELAINE BEIGE AVEC FLEUR BRONZE ANTIQUE"},"content":{"rendered":"<p>Ce mod\u00e8le de poign\u00e9e de meuble a \u00e9t\u00e9 con\u00e7u pour \u00eatre install\u00e9 sur des portes ou tiroirs de meubles et nous le fournissons avec les vis n\u00e9cessaires au montage, bouton 40mm porcelaine beige avec fleur bronze antique<\/p>\n","protected":false},"excerpt":{"rendered":"<p>Ce mod\u00e8le de poign\u00e9e de meuble a \u00e9t\u00e9 con\u00e7u pour \u00eatre install\u00e9 sur des portes ou tiroirs de meubles et nous le fournissons avec les vis n\u00e9cessaires au montage, bouton 40mm porcelaine beige avec fleur bronze antique<\/p>\n","protected":false},"featured_media":426724,"template":"","meta":{"_joinchat":[]},"product_brand":[],"product_cat":[5189,987,979],"product_tag":[],"class_list":{"0":"post-426727","1":"product","2":"type-product","3":"status-publish","4":"has-post-thumbnail","6":"product_cat-boutons-et-poignees-tiroir-meuble","7":"product_cat-boutons-en-porcelaine-pour-tiroir-porte-meuble","8":"product_cat-poignees-meuble-style-vintage-chic","9":"pa_color-marron-poignees-boutons-pieds-meuble-portamanteaux-mur-porte","10":"pa_tendencia-boutons-en-porcelaine-pour-meuble","12":"first","13":"instock","14":"taxable","15":"shipping-taxable","16":"purchasable","17":"product-type-variable","18":"has-default-attributes","19":"wvs-archive-product-wrapper"},"_links":{"self":[{"href":"https:\/\/www.pomoline.com\/fr\/wp-json\/wp\/v2\/product\/426727","targetHints":{"allow":["GET"]}}],"collection":[{"href":"https:\/\/www.pomoline.com\/fr\/wp-json\/wp\/v2\/product"}],"about":[{"href":"https:\/\/www.pomoline.com\/fr\/wp-json\/wp\/v2\/types\/product"}],"wp:featuredmedia":[{"embeddable":true,"href":"https:\/\/www.pomoline.com\/fr\/wp-json\/wp\/v2\/media\/426724"}],"wp:attachment":[{"href":"https:\/\/www.pomoline.com\/fr\/wp-json\/wp\/v2\/media?parent=426727"}],"wp:term":[{"taxonomy":"product_brand","embeddable":true,"href":"https:\/\/www.pomoline.com\/fr\/wp-json\/wp\/v2\/product_brand?post=426727"},{"taxonomy":"product_cat","embeddable":true,"href":"https:\/\/www.pomoline.com\/fr\/wp-json\/wp\/v2\/product_cat?post=426727"},{"taxonomy":"product_tag","embeddable":true,"href":"https:\/\/www.pomoline.com\/fr\/wp-json\/wp\/v2\/product_tag?post=426727"}],"curies":[{"name":"wp","href":"https:\/\/api.w.org\/{rel}","templated":true}]}}