{"id":426767,"date":"2024-12-01T20:00:22","date_gmt":"2024-12-01T19:00:22","guid":{"rendered":"https:\/\/www.pomoline.com\/web-pruebas\/producto\/pomo-flor-46mm-ceramica-con-bordes-dorados\/"},"modified":"2025-03-13T21:17:54","modified_gmt":"2025-03-13T20:17:54","slug":"bouton-fleur-en-ceramique-de-46-mm-avec-bords-plaques-or","status":"publish","type":"product","link":"https:\/\/www.pomoline.com\/fr\/produit\/bouton-fleur-en-ceramique-de-46-mm-avec-bords-plaques-or\/","title":{"rendered":"BOUTON FLEUR EN C\u00c9RAMIQUE DE 46 MM AVEC BORDS PLAQU\u00c9S OR"},"content":{"rendered":"<p>Ce mod\u00e8le de poign\u00e9e de meuble a \u00e9t\u00e9 con\u00e7u pour \u00eatre install\u00e9 sur des portes ou tiroirs de meubles et nous le fournissons avec les vis n\u00e9cessaires au montage, bouton fleur en c\u00e9ramique de 46 mm avec bords plaqu\u00e9s or<\/p>\n","protected":false},"excerpt":{"rendered":"<p>Ce mod\u00e8le de poign\u00e9e de meuble a \u00e9t\u00e9 con\u00e7u pour \u00eatre install\u00e9 sur des portes ou tiroirs de meubles et nous le fournissons avec les vis n\u00e9cessaires au montage, bouton fleur en c\u00e9ramique de 46 mm avec bords plaqu\u00e9s or<\/p>\n","protected":false},"featured_media":426764,"template":"","meta":{"_joinchat":[]},"product_brand":[],"product_cat":[5189,975,987],"product_tag":[],"class_list":{"0":"post-426767","1":"product","2":"type-product","3":"status-publish","4":"has-post-thumbnail","6":"product_cat-boutons-et-poignees-tiroir-meuble","7":"product_cat-poignees-boutons-meuble-style-ethnique-rustique","8":"product_cat-boutons-en-porcelaine-pour-tiroir-porte-meuble","9":"pa_color-le-sable-poignees-boutons-pieds-meuble-portamanteaux-mur-porte","10":"pa_tendencia-boutons-en-porcelaine-pour-meuble","12":"first","13":"instock","14":"taxable","15":"shipping-taxable","16":"purchasable","17":"product-type-variable","18":"has-default-attributes","19":"wvs-archive-product-wrapper"},"_links":{"self":[{"href":"https:\/\/www.pomoline.com\/fr\/wp-json\/wp\/v2\/product\/426767","targetHints":{"allow":["GET"]}}],"collection":[{"href":"https:\/\/www.pomoline.com\/fr\/wp-json\/wp\/v2\/product"}],"about":[{"href":"https:\/\/www.pomoline.com\/fr\/wp-json\/wp\/v2\/types\/product"}],"wp:featuredmedia":[{"embeddable":true,"href":"https:\/\/www.pomoline.com\/fr\/wp-json\/wp\/v2\/media\/426764"}],"wp:attachment":[{"href":"https:\/\/www.pomoline.com\/fr\/wp-json\/wp\/v2\/media?parent=426767"}],"wp:term":[{"taxonomy":"product_brand","embeddable":true,"href":"https:\/\/www.pomoline.com\/fr\/wp-json\/wp\/v2\/product_brand?post=426767"},{"taxonomy":"product_cat","embeddable":true,"href":"https:\/\/www.pomoline.com\/fr\/wp-json\/wp\/v2\/product_cat?post=426767"},{"taxonomy":"product_tag","embeddable":true,"href":"https:\/\/www.pomoline.com\/fr\/wp-json\/wp\/v2\/product_tag?post=426767"}],"curies":[{"name":"wp","href":"https:\/\/api.w.org\/{rel}","templated":true}]}}