{"id":426887,"date":"2024-12-01T20:06:11","date_gmt":"2024-12-01T19:06:11","guid":{"rendered":"https:\/\/www.pomoline.com\/web-pruebas\/producto\/anilla-mueble-rustico-45mm-laton-envejecido\/"},"modified":"2025-03-13T21:13:55","modified_gmt":"2025-03-13T20:13:55","slug":"poignee-rustique-45mm-antiquemod-210b","status":"publish","type":"product","link":"https:\/\/www.pomoline.com\/fr\/produit\/poignee-rustique-45mm-antiquemod-210b\/","title":{"rendered":"POIGN\u00c9E RUSTIQUE 45MM ANTIQUE"},"content":{"rendered":"<p>Quincaillerie de poign\u00e9e de meuble en m\u00e9tal anneau et pendule finition laiton vieilli pour commode, armoire ou commode dans un style classique pour des meubles intemporels toujours \u00e9l\u00e9gants et au style durable, poign\u00e9e rustique 45mm antique<\/p>\n","protected":false},"excerpt":{"rendered":"<p>Quincaillerie de poign\u00e9e de meuble en m\u00e9tal anneau et pendule finition laiton vieilli pour commode, armoire ou commode dans un style classique pour des meubles intemporels toujours \u00e9l\u00e9gants et au style durable, poign\u00e9e rustique 45mm antique<\/p>\n","protected":false},"featured_media":431486,"template":"","meta":{"_joinchat":[]},"product_brand":[],"product_cat":[5189,983],"product_tag":[],"class_list":{"0":"post-426887","1":"product","2":"type-product","3":"status-publish","4":"has-post-thumbnail","6":"product_cat-boutons-et-poignees-tiroir-meuble","7":"product_cat-poignees-metal-antiques-de-tiroir","8":"pa_color-noir-poignees-boutons-pieds-meuble-portamanteaux-mur-porte","9":"pa_color-vieux-laiton-poignees-boutons-pieds-meuble-portamanteaux-mur-porte","10":"pa_tendencia-poignee-anneau-tiroir-meuble-classique","12":"first","13":"instock","14":"taxable","15":"shipping-taxable","16":"purchasable","17":"product-type-variable","18":"has-default-attributes","19":"wvs-archive-product-wrapper"},"_links":{"self":[{"href":"https:\/\/www.pomoline.com\/fr\/wp-json\/wp\/v2\/product\/426887","targetHints":{"allow":["GET"]}}],"collection":[{"href":"https:\/\/www.pomoline.com\/fr\/wp-json\/wp\/v2\/product"}],"about":[{"href":"https:\/\/www.pomoline.com\/fr\/wp-json\/wp\/v2\/types\/product"}],"wp:featuredmedia":[{"embeddable":true,"href":"https:\/\/www.pomoline.com\/fr\/wp-json\/wp\/v2\/media\/431486"}],"wp:attachment":[{"href":"https:\/\/www.pomoline.com\/fr\/wp-json\/wp\/v2\/media?parent=426887"}],"wp:term":[{"taxonomy":"product_brand","embeddable":true,"href":"https:\/\/www.pomoline.com\/fr\/wp-json\/wp\/v2\/product_brand?post=426887"},{"taxonomy":"product_cat","embeddable":true,"href":"https:\/\/www.pomoline.com\/fr\/wp-json\/wp\/v2\/product_cat?post=426887"},{"taxonomy":"product_tag","embeddable":true,"href":"https:\/\/www.pomoline.com\/fr\/wp-json\/wp\/v2\/product_tag?post=426887"}],"curies":[{"name":"wp","href":"https:\/\/api.w.org\/{rel}","templated":true}]}}