{"id":426935,"date":"2024-12-01T20:08:27","date_gmt":"2024-12-01T19:08:27","guid":{"rendered":"https:\/\/www.pomoline.com\/web-pruebas\/producto\/pomo-39mm-bronce-envejecido-porcelana-beige\/"},"modified":"2025-03-13T21:12:12","modified_gmt":"2025-03-13T20:12:12","slug":"bouton-39mm-bronze-antique-porcelaine-beige-antique","status":"publish","type":"product","link":"https:\/\/www.pomoline.com\/fr\/produit\/bouton-39mm-bronze-antique-porcelaine-beige-antique\/","title":{"rendered":"BOUTON 39MM BRONZE ANTIQUE PORCELAINE BEIGE ANTIQUE"},"content":{"rendered":"<p>Ce mod\u00e8le de poign\u00e9e de meuble a \u00e9t\u00e9 con\u00e7u pour \u00eatre install\u00e9 sur des portes ou tiroirs de meubles et nous le fournissons avec les vis n\u00e9cessaires au montage, bouton 39mm bronze antique porcelaine beige antique<\/p>\n","protected":false},"excerpt":{"rendered":"<p>Ce mod\u00e8le de poign\u00e9e de meuble a \u00e9t\u00e9 con\u00e7u pour \u00eatre install\u00e9 sur des portes ou tiroirs de meubles et nous le fournissons avec les vis n\u00e9cessaires au montage, bouton 39mm bronze antique porcelaine beige antique<\/p>\n","protected":false},"featured_media":426932,"template":"","meta":{"_joinchat":[]},"product_brand":[],"product_cat":[5189,987],"product_tag":[],"class_list":{"0":"post-426935","1":"product","2":"type-product","3":"status-publish","4":"has-post-thumbnail","6":"product_cat-boutons-et-poignees-tiroir-meuble","7":"product_cat-boutons-en-porcelaine-pour-tiroir-porte-meuble","8":"pa_color-noir-poignees-boutons-pieds-meuble-portamanteaux-mur-porte","9":"pa_color-chrome-poignees-boutons-pieds-meuble-portamanteaux-mur-porte","10":"pa_color-vieux-laiton-poignees-boutons-pieds-meuble-portamanteaux-mur-porte","11":"pa_tendencia-boutons-en-porcelaine-pour-meuble","13":"first","14":"instock","15":"taxable","16":"shipping-taxable","17":"purchasable","18":"product-type-variable","19":"has-default-attributes","20":"wvs-archive-product-wrapper"},"_links":{"self":[{"href":"https:\/\/www.pomoline.com\/fr\/wp-json\/wp\/v2\/product\/426935","targetHints":{"allow":["GET"]}}],"collection":[{"href":"https:\/\/www.pomoline.com\/fr\/wp-json\/wp\/v2\/product"}],"about":[{"href":"https:\/\/www.pomoline.com\/fr\/wp-json\/wp\/v2\/types\/product"}],"wp:featuredmedia":[{"embeddable":true,"href":"https:\/\/www.pomoline.com\/fr\/wp-json\/wp\/v2\/media\/426932"}],"wp:attachment":[{"href":"https:\/\/www.pomoline.com\/fr\/wp-json\/wp\/v2\/media?parent=426935"}],"wp:term":[{"taxonomy":"product_brand","embeddable":true,"href":"https:\/\/www.pomoline.com\/fr\/wp-json\/wp\/v2\/product_brand?post=426935"},{"taxonomy":"product_cat","embeddable":true,"href":"https:\/\/www.pomoline.com\/fr\/wp-json\/wp\/v2\/product_cat?post=426935"},{"taxonomy":"product_tag","embeddable":true,"href":"https:\/\/www.pomoline.com\/fr\/wp-json\/wp\/v2\/product_tag?post=426935"}],"curies":[{"name":"wp","href":"https:\/\/api.w.org\/{rel}","templated":true}]}}