{"id":426999,"date":"2024-12-01T20:11:34","date_gmt":"2024-12-01T19:11:34","guid":{"rendered":"https:\/\/www.pomoline.com\/web-pruebas\/producto\/tirador-128mm-bronce-envejecido-porcelana-beige\/"},"modified":"2025-03-13T21:09:57","modified_gmt":"2025-03-13T20:09:57","slug":"poignee-128mm-bronze-antique-porcelaine-beige-antique","status":"publish","type":"product","link":"https:\/\/www.pomoline.com\/fr\/produit\/poignee-128mm-bronze-antique-porcelaine-beige-antique\/","title":{"rendered":"POIGN\u00c9E 128MM BRONZE ANTIQUE PORCELAINE BEIGE ANTIQUE"},"content":{"rendered":"<p>Ce mod\u00e8le de poign\u00e9e de meuble a \u00e9t\u00e9 con\u00e7u pour \u00eatre install\u00e9 sur des portes ou tiroirs de meubles et nous le fournissons avec les vis n\u00e9cessaires au montage, poign\u00e9e 128mm bronze antique porcelaine beige antique<\/p>\n","protected":false},"excerpt":{"rendered":"<p>Ce mod\u00e8le de poign\u00e9e de meuble a \u00e9t\u00e9 con\u00e7u pour \u00eatre install\u00e9 sur des portes ou tiroirs de meubles et nous le fournissons avec les vis n\u00e9cessaires au montage, poign\u00e9e 128mm bronze antique porcelaine beige antique<\/p>\n","protected":false},"featured_media":426996,"template":"","meta":{"_joinchat":[]},"product_brand":[],"product_cat":[5189,987,979],"product_tag":[],"class_list":{"0":"post-426999","1":"product","2":"type-product","3":"status-publish","4":"has-post-thumbnail","6":"product_cat-boutons-et-poignees-tiroir-meuble","7":"product_cat-boutons-en-porcelaine-pour-tiroir-porte-meuble","8":"product_cat-poignees-meuble-style-vintage-chic","9":"pa_color-vieux-laiton-poignees-boutons-pieds-meuble-portamanteaux-mur-porte","10":"pa_distancia-agujeros-tornillos-poignees-96-mm-entre-trous-de-vis-tiroir-porte-meuble","11":"pa_distancia-agujeros-tornillos-poignees-128-mm-entre-trous-de-vis-tiroir-porte-meuble","12":"pa_tendencia-boutons-en-porcelaine-classique-pour-meuble","14":"first","15":"instock","16":"taxable","17":"shipping-taxable","18":"purchasable","19":"product-type-variable","20":"has-default-attributes","21":"wvs-archive-product-wrapper"},"_links":{"self":[{"href":"https:\/\/www.pomoline.com\/fr\/wp-json\/wp\/v2\/product\/426999","targetHints":{"allow":["GET"]}}],"collection":[{"href":"https:\/\/www.pomoline.com\/fr\/wp-json\/wp\/v2\/product"}],"about":[{"href":"https:\/\/www.pomoline.com\/fr\/wp-json\/wp\/v2\/types\/product"}],"wp:featuredmedia":[{"embeddable":true,"href":"https:\/\/www.pomoline.com\/fr\/wp-json\/wp\/v2\/media\/426996"}],"wp:attachment":[{"href":"https:\/\/www.pomoline.com\/fr\/wp-json\/wp\/v2\/media?parent=426999"}],"wp:term":[{"taxonomy":"product_brand","embeddable":true,"href":"https:\/\/www.pomoline.com\/fr\/wp-json\/wp\/v2\/product_brand?post=426999"},{"taxonomy":"product_cat","embeddable":true,"href":"https:\/\/www.pomoline.com\/fr\/wp-json\/wp\/v2\/product_cat?post=426999"},{"taxonomy":"product_tag","embeddable":true,"href":"https:\/\/www.pomoline.com\/fr\/wp-json\/wp\/v2\/product_tag?post=426999"}],"curies":[{"name":"wp","href":"https:\/\/api.w.org\/{rel}","templated":true}]}}