{"id":427023,"date":"2024-12-01T20:12:43","date_gmt":"2024-12-01T19:12:43","guid":{"rendered":"https:\/\/www.pomoline.com\/web-pruebas\/producto\/pomo-37mm-metal-negro-mate-porcelana-blanca\/"},"modified":"2025-03-13T21:09:04","modified_gmt":"2025-03-13T20:09:04","slug":"bouton-37mm-metal-noir-mat-porcelaine-blanche","status":"publish","type":"product","link":"https:\/\/www.pomoline.com\/fr\/produit\/bouton-37mm-metal-noir-mat-porcelaine-blanche\/","title":{"rendered":"BOUTON 37MM M\u00c9TAL NOIR MAT PORCELAINE BLANCHE"},"content":{"rendered":"<p>Ce mod\u00e8le de poign\u00e9e de meuble a \u00e9t\u00e9 con\u00e7u pour \u00eatre install\u00e9 sur des portes ou tiroirs de meubles et nous le fournissons avec les vis n\u00e9cessaires au montage, bouton 37mm m\u00e9tal noir mat porcelaine blanche<\/p>\n","protected":false},"excerpt":{"rendered":"<p>Ce mod\u00e8le de poign\u00e9e de meuble a \u00e9t\u00e9 con\u00e7u pour \u00eatre install\u00e9 sur des portes ou tiroirs de meubles et nous le fournissons avec les vis n\u00e9cessaires au montage, bouton 37mm m\u00e9tal noir mat porcelaine blanche<\/p>\n","protected":false},"featured_media":427020,"template":"","meta":{"_joinchat":[]},"product_brand":[],"product_cat":[5189,987,3484],"product_tag":[],"class_list":{"0":"post-427023","1":"product","2":"type-product","3":"status-publish","4":"has-post-thumbnail","6":"product_cat-boutons-et-poignees-tiroir-meuble","7":"product_cat-boutons-en-porcelaine-pour-tiroir-porte-meuble","8":"product_cat-poignees-boutons-noir-meuble-industriel","9":"pa_color-noir-poignees-boutons-pieds-meuble-portamanteaux-mur-porte","10":"pa_tendencia-boutons-en-porcelaine-pour-meuble","12":"first","13":"instock","14":"taxable","15":"shipping-taxable","16":"purchasable","17":"product-type-variable","18":"has-default-attributes","19":"wvs-archive-product-wrapper"},"_links":{"self":[{"href":"https:\/\/www.pomoline.com\/fr\/wp-json\/wp\/v2\/product\/427023","targetHints":{"allow":["GET"]}}],"collection":[{"href":"https:\/\/www.pomoline.com\/fr\/wp-json\/wp\/v2\/product"}],"about":[{"href":"https:\/\/www.pomoline.com\/fr\/wp-json\/wp\/v2\/types\/product"}],"wp:featuredmedia":[{"embeddable":true,"href":"https:\/\/www.pomoline.com\/fr\/wp-json\/wp\/v2\/media\/427020"}],"wp:attachment":[{"href":"https:\/\/www.pomoline.com\/fr\/wp-json\/wp\/v2\/media?parent=427023"}],"wp:term":[{"taxonomy":"product_brand","embeddable":true,"href":"https:\/\/www.pomoline.com\/fr\/wp-json\/wp\/v2\/product_brand?post=427023"},{"taxonomy":"product_cat","embeddable":true,"href":"https:\/\/www.pomoline.com\/fr\/wp-json\/wp\/v2\/product_cat?post=427023"},{"taxonomy":"product_tag","embeddable":true,"href":"https:\/\/www.pomoline.com\/fr\/wp-json\/wp\/v2\/product_tag?post=427023"}],"curies":[{"name":"wp","href":"https:\/\/api.w.org\/{rel}","templated":true}]}}