{"id":427039,"date":"2024-12-01T20:13:28","date_gmt":"2024-12-01T19:13:28","guid":{"rendered":"https:\/\/www.pomoline.com\/web-pruebas\/producto\/pomo-estrella-laton-pulido\/"},"modified":"2025-03-13T21:08:29","modified_gmt":"2025-03-13T20:08:29","slug":"bouton-etoile-en-laiton-poli","status":"publish","type":"product","link":"https:\/\/www.pomoline.com\/fr\/produit\/bouton-etoile-en-laiton-poli\/","title":{"rendered":"BOUTON \u00c9TOILE EN LAITON POLI"},"content":{"rendered":"<p>Ce mod\u00e8le de poign\u00e9e de meuble a \u00e9t\u00e9 con\u00e7u pour \u00eatre install\u00e9 sur des portes ou tiroirs de meubles et nous le fournissons avec les vis n\u00e9cessaires au montage, bouton \u00e9toile en laiton poli<\/p>\n","protected":false},"excerpt":{"rendered":"<p>Ce mod\u00e8le de poign\u00e9e de meuble a \u00e9t\u00e9 con\u00e7u pour \u00eatre install\u00e9 sur des portes ou tiroirs de meubles et nous le fournissons avec les vis n\u00e9cessaires au montage, bouton \u00e9toile en laiton poli<\/p>\n","protected":false},"featured_media":0,"template":"","meta":{"_joinchat":[]},"product_brand":[],"product_cat":[5189,975],"product_tag":[],"class_list":{"0":"post-427039","1":"product","2":"type-product","3":"status-publish","5":"product_cat-boutons-et-poignees-tiroir-meuble","6":"product_cat-poignees-boutons-meuble-style-ethnique-rustique","7":"pa_color-or-inca-mat-poignees-boutons-pieds-meuble-portamanteaux-mur-porte","8":"pa_tendencia-poignees-boutons-vintage-pour-meuble","10":"first","11":"instock","12":"taxable","13":"shipping-taxable","14":"purchasable","15":"product-type-variable","16":"has-default-attributes","17":"wvs-archive-product-wrapper"},"_links":{"self":[{"href":"https:\/\/www.pomoline.com\/fr\/wp-json\/wp\/v2\/product\/427039","targetHints":{"allow":["GET"]}}],"collection":[{"href":"https:\/\/www.pomoline.com\/fr\/wp-json\/wp\/v2\/product"}],"about":[{"href":"https:\/\/www.pomoline.com\/fr\/wp-json\/wp\/v2\/types\/product"}],"wp:attachment":[{"href":"https:\/\/www.pomoline.com\/fr\/wp-json\/wp\/v2\/media?parent=427039"}],"wp:term":[{"taxonomy":"product_brand","embeddable":true,"href":"https:\/\/www.pomoline.com\/fr\/wp-json\/wp\/v2\/product_brand?post=427039"},{"taxonomy":"product_cat","embeddable":true,"href":"https:\/\/www.pomoline.com\/fr\/wp-json\/wp\/v2\/product_cat?post=427039"},{"taxonomy":"product_tag","embeddable":true,"href":"https:\/\/www.pomoline.com\/fr\/wp-json\/wp\/v2\/product_tag?post=427039"}],"curies":[{"name":"wp","href":"https:\/\/api.w.org\/{rel}","templated":true}]}}