{"id":427063,"date":"2024-12-01T20:14:39","date_gmt":"2024-12-01T19:14:39","guid":{"rendered":"https:\/\/www.pomoline.com\/web-pruebas\/producto\/pomo-redondo-40mm-laton-blanco-decape\/"},"modified":"2025-03-13T21:08:13","modified_gmt":"2025-03-13T20:08:13","slug":"bouton-rond-40mm-laiton-blanc-decape","status":"publish","type":"product","link":"https:\/\/www.pomoline.com\/fr\/produit\/bouton-rond-40mm-laiton-blanc-decape\/","title":{"rendered":"BOUTON ROND 40MM LAITON BLANC DECAPE"},"content":{"rendered":"<p>Ce mod\u00e8le de poign\u00e9e de meuble a \u00e9t\u00e9 con\u00e7u pour \u00eatre install\u00e9 sur des portes ou tiroirs de meubles et nous le fournissons avec les vis n\u00e9cessaires au montage, bouton rond 40mm laiton blanc decape<\/p>\n","protected":false},"excerpt":{"rendered":"<p>Ce mod\u00e8le de poign\u00e9e de meuble a \u00e9t\u00e9 con\u00e7u pour \u00eatre install\u00e9 sur des portes ou tiroirs de meubles et nous le fournissons avec les vis n\u00e9cessaires au montage, bouton rond 40mm laiton blanc decape<\/p>\n","protected":false},"featured_media":427060,"template":"","meta":{"_joinchat":[]},"product_brand":[],"product_cat":[5189,975],"product_tag":[],"class_list":{"0":"post-427063","1":"product","2":"type-product","3":"status-publish","4":"has-post-thumbnail","6":"product_cat-boutons-et-poignees-tiroir-meuble","7":"product_cat-poignees-boutons-meuble-style-ethnique-rustique","8":"pa_color-patine-blanche-doree-poignees-boutons-pieds-meuble-portamanteaux-mur-porte","9":"pa_tendencia-boutons-meuble-tiroir-moderne","11":"first","12":"instock","13":"taxable","14":"shipping-taxable","15":"purchasable","16":"product-type-variable","17":"has-default-attributes","18":"wvs-archive-product-wrapper"},"_links":{"self":[{"href":"https:\/\/www.pomoline.com\/fr\/wp-json\/wp\/v2\/product\/427063","targetHints":{"allow":["GET"]}}],"collection":[{"href":"https:\/\/www.pomoline.com\/fr\/wp-json\/wp\/v2\/product"}],"about":[{"href":"https:\/\/www.pomoline.com\/fr\/wp-json\/wp\/v2\/types\/product"}],"wp:featuredmedia":[{"embeddable":true,"href":"https:\/\/www.pomoline.com\/fr\/wp-json\/wp\/v2\/media\/427060"}],"wp:attachment":[{"href":"https:\/\/www.pomoline.com\/fr\/wp-json\/wp\/v2\/media?parent=427063"}],"wp:term":[{"taxonomy":"product_brand","embeddable":true,"href":"https:\/\/www.pomoline.com\/fr\/wp-json\/wp\/v2\/product_brand?post=427063"},{"taxonomy":"product_cat","embeddable":true,"href":"https:\/\/www.pomoline.com\/fr\/wp-json\/wp\/v2\/product_cat?post=427063"},{"taxonomy":"product_tag","embeddable":true,"href":"https:\/\/www.pomoline.com\/fr\/wp-json\/wp\/v2\/product_tag?post=427063"}],"curies":[{"name":"wp","href":"https:\/\/api.w.org\/{rel}","templated":true}]}}