{"id":427079,"date":"2024-12-01T20:15:25","date_gmt":"2024-12-01T19:15:25","guid":{"rendered":"https:\/\/www.pomoline.com\/web-pruebas\/producto\/pomo-redondo-metal-40mm-negro\/"},"modified":"2025-03-13T21:07:39","modified_gmt":"2025-03-13T20:07:39","slug":"bouton-rond-en-metal-40mm-noir","status":"publish","type":"product","link":"https:\/\/www.pomoline.com\/fr\/produit\/bouton-rond-en-metal-40mm-noir\/","title":{"rendered":"BOUTON ROND EN M\u00c9TAL 40MM NOIR"},"content":{"rendered":"<p>Ce mod\u00e8le de poign\u00e9e de meuble a \u00e9t\u00e9 con\u00e7u pour \u00eatre install\u00e9 sur des portes ou tiroirs de meubles et nous le fournissons avec les vis n\u00e9cessaires au montage, bouton rond en m\u00e9tal 40mm noir<\/p>\n","protected":false},"excerpt":{"rendered":"<p>Ce mod\u00e8le de poign\u00e9e de meuble a \u00e9t\u00e9 con\u00e7u pour \u00eatre install\u00e9 sur des portes ou tiroirs de meubles et nous le fournissons avec les vis n\u00e9cessaires au montage, bouton rond en m\u00e9tal 40mm noir<\/p>\n","protected":false},"featured_media":427076,"template":"","meta":{"_joinchat":[]},"product_brand":[],"product_cat":[5189,975,3484],"product_tag":[],"class_list":{"0":"post-427079","1":"product","2":"type-product","3":"status-publish","4":"has-post-thumbnail","6":"product_cat-boutons-et-poignees-tiroir-meuble","7":"product_cat-poignees-boutons-meuble-style-ethnique-rustique","8":"product_cat-poignees-boutons-noir-meuble-industriel","9":"pa_color-noir-poignees-boutons-pieds-meuble-portamanteaux-mur-porte","10":"pa_color-blanc-poignees-boutons-pieds-meuble-portamanteaux-mur-porte","11":"pa_tendencia-boutons-meuble-tiroir-moderne","13":"first","14":"instock","15":"taxable","16":"shipping-taxable","17":"purchasable","18":"product-type-variable","19":"has-default-attributes","20":"wvs-archive-product-wrapper"},"_links":{"self":[{"href":"https:\/\/www.pomoline.com\/fr\/wp-json\/wp\/v2\/product\/427079","targetHints":{"allow":["GET"]}}],"collection":[{"href":"https:\/\/www.pomoline.com\/fr\/wp-json\/wp\/v2\/product"}],"about":[{"href":"https:\/\/www.pomoline.com\/fr\/wp-json\/wp\/v2\/types\/product"}],"wp:featuredmedia":[{"embeddable":true,"href":"https:\/\/www.pomoline.com\/fr\/wp-json\/wp\/v2\/media\/427076"}],"wp:attachment":[{"href":"https:\/\/www.pomoline.com\/fr\/wp-json\/wp\/v2\/media?parent=427079"}],"wp:term":[{"taxonomy":"product_brand","embeddable":true,"href":"https:\/\/www.pomoline.com\/fr\/wp-json\/wp\/v2\/product_brand?post=427079"},{"taxonomy":"product_cat","embeddable":true,"href":"https:\/\/www.pomoline.com\/fr\/wp-json\/wp\/v2\/product_cat?post=427079"},{"taxonomy":"product_tag","embeddable":true,"href":"https:\/\/www.pomoline.com\/fr\/wp-json\/wp\/v2\/product_tag?post=427079"}],"curies":[{"name":"wp","href":"https:\/\/api.w.org\/{rel}","templated":true}]}}