{"id":427095,"date":"2024-12-01T20:16:12","date_gmt":"2024-12-01T19:16:12","guid":{"rendered":"https:\/\/www.pomoline.com\/web-pruebas\/producto\/pomo-triangular-metal-39x39mm-negro\/"},"modified":"2025-03-13T21:07:06","modified_gmt":"2025-03-13T20:07:06","slug":"bouton-triangulaire-en-metal-39x39mm-noir","status":"publish","type":"product","link":"https:\/\/www.pomoline.com\/fr\/produit\/bouton-triangulaire-en-metal-39x39mm-noir\/","title":{"rendered":"BOUTON TRIANGULAIRE EN M\u00c9TAL 39X39MM NOIR"},"content":{"rendered":"<p>Ce mod\u00e8le de poign\u00e9e de meuble a \u00e9t\u00e9 con\u00e7u pour \u00eatre install\u00e9 sur des portes ou tiroirs de meubles et nous le fournissons avec les vis n\u00e9cessaires au montage, bouton triangulaire en m\u00e9tal 39x39mm noir<\/p>\n","protected":false},"excerpt":{"rendered":"<p>Ce mod\u00e8le de poign\u00e9e de meuble a \u00e9t\u00e9 con\u00e7u pour \u00eatre install\u00e9 sur des portes ou tiroirs de meubles et nous le fournissons avec les vis n\u00e9cessaires au montage, bouton triangulaire en m\u00e9tal 39x39mm noir<\/p>\n","protected":false},"featured_media":427092,"template":"","meta":{"_joinchat":[]},"product_brand":[],"product_cat":[5189,975,3484],"product_tag":[],"class_list":{"0":"post-427095","1":"product","2":"type-product","3":"status-publish","4":"has-post-thumbnail","6":"product_cat-boutons-et-poignees-tiroir-meuble","7":"product_cat-poignees-boutons-meuble-style-ethnique-rustique","8":"product_cat-poignees-boutons-noir-meuble-industriel","9":"pa_color-noir-poignees-boutons-pieds-meuble-portamanteaux-mur-porte","10":"pa_color-blanc-poignees-boutons-pieds-meuble-portamanteaux-mur-porte","11":"pa_tendencia-boutons-meuble-tiroir-moderne","13":"first","14":"instock","15":"taxable","16":"shipping-taxable","17":"purchasable","18":"product-type-variable","19":"has-default-attributes","20":"wvs-archive-product-wrapper"},"_links":{"self":[{"href":"https:\/\/www.pomoline.com\/fr\/wp-json\/wp\/v2\/product\/427095","targetHints":{"allow":["GET"]}}],"collection":[{"href":"https:\/\/www.pomoline.com\/fr\/wp-json\/wp\/v2\/product"}],"about":[{"href":"https:\/\/www.pomoline.com\/fr\/wp-json\/wp\/v2\/types\/product"}],"wp:featuredmedia":[{"embeddable":true,"href":"https:\/\/www.pomoline.com\/fr\/wp-json\/wp\/v2\/media\/427092"}],"wp:attachment":[{"href":"https:\/\/www.pomoline.com\/fr\/wp-json\/wp\/v2\/media?parent=427095"}],"wp:term":[{"taxonomy":"product_brand","embeddable":true,"href":"https:\/\/www.pomoline.com\/fr\/wp-json\/wp\/v2\/product_brand?post=427095"},{"taxonomy":"product_cat","embeddable":true,"href":"https:\/\/www.pomoline.com\/fr\/wp-json\/wp\/v2\/product_cat?post=427095"},{"taxonomy":"product_tag","embeddable":true,"href":"https:\/\/www.pomoline.com\/fr\/wp-json\/wp\/v2\/product_tag?post=427095"}],"curies":[{"name":"wp","href":"https:\/\/api.w.org\/{rel}","templated":true}]}}