{"id":427159,"date":"2024-12-01T20:19:21","date_gmt":"2024-12-01T19:19:21","guid":{"rendered":"https:\/\/www.pomoline.com\/web-pruebas\/producto\/pomo-30mm-cristal-con-base-plata\/"},"modified":"2025-03-13T21:04:49","modified_gmt":"2025-03-13T20:04:49","slug":"bouton-en-verre-de-30-mm-avec-base-argentee","status":"publish","type":"product","link":"https:\/\/www.pomoline.com\/fr\/produit\/bouton-en-verre-de-30-mm-avec-base-argentee\/","title":{"rendered":"BOUTON EN VERRE DE 30 MM AVEC BASE ARGENT\u00c9E"},"content":{"rendered":"<p>Ce mod\u00e8le de poign\u00e9e de meuble a \u00e9t\u00e9 con\u00e7u pour \u00eatre install\u00e9 sur des portes ou tiroirs de meubles et nous le fournissons avec les vis n\u00e9cessaires au montage, bouton en verre de 30 mm avec base argent\u00e9e<\/p>\n","protected":false},"excerpt":{"rendered":"<p>Ce mod\u00e8le de poign\u00e9e de meuble a \u00e9t\u00e9 con\u00e7u pour \u00eatre install\u00e9 sur des portes ou tiroirs de meubles et nous le fournissons avec les vis n\u00e9cessaires au montage, bouton en verre de 30 mm avec base argent\u00e9e<\/p>\n","protected":false},"featured_media":427156,"template":"","meta":{"_joinchat":[]},"product_brand":[],"product_cat":[5189,975],"product_tag":[],"class_list":{"0":"post-427159","1":"product","2":"type-product","3":"status-publish","4":"has-post-thumbnail","6":"product_cat-boutons-et-poignees-tiroir-meuble","7":"product_cat-poignees-boutons-meuble-style-ethnique-rustique","8":"pa_color-cristal-poignees-boutons-pieds-meuble-portamanteaux-mur-porte","9":"pa_tendencia-poignees-meuble-de-luxe","11":"first","12":"instock","13":"taxable","14":"shipping-taxable","15":"purchasable","16":"product-type-variable","17":"has-default-attributes","18":"wvs-archive-product-wrapper"},"_links":{"self":[{"href":"https:\/\/www.pomoline.com\/fr\/wp-json\/wp\/v2\/product\/427159","targetHints":{"allow":["GET"]}}],"collection":[{"href":"https:\/\/www.pomoline.com\/fr\/wp-json\/wp\/v2\/product"}],"about":[{"href":"https:\/\/www.pomoline.com\/fr\/wp-json\/wp\/v2\/types\/product"}],"wp:featuredmedia":[{"embeddable":true,"href":"https:\/\/www.pomoline.com\/fr\/wp-json\/wp\/v2\/media\/427156"}],"wp:attachment":[{"href":"https:\/\/www.pomoline.com\/fr\/wp-json\/wp\/v2\/media?parent=427159"}],"wp:term":[{"taxonomy":"product_brand","embeddable":true,"href":"https:\/\/www.pomoline.com\/fr\/wp-json\/wp\/v2\/product_brand?post=427159"},{"taxonomy":"product_cat","embeddable":true,"href":"https:\/\/www.pomoline.com\/fr\/wp-json\/wp\/v2\/product_cat?post=427159"},{"taxonomy":"product_tag","embeddable":true,"href":"https:\/\/www.pomoline.com\/fr\/wp-json\/wp\/v2\/product_tag?post=427159"}],"curies":[{"name":"wp","href":"https:\/\/api.w.org\/{rel}","templated":true}]}}