{"id":427167,"date":"2024-12-01T20:19:45","date_gmt":"2024-12-01T19:19:45","guid":{"rendered":"https:\/\/www.pomoline.com\/web-pruebas\/producto\/tirador-128mm-laton-decape-blanco\/"},"modified":"2025-03-13T21:04:31","modified_gmt":"2025-03-13T20:04:31","slug":"poignee-128mm-laiton-decape-blanc","status":"publish","type":"product","link":"https:\/\/www.pomoline.com\/fr\/produit\/poignee-128mm-laiton-decape-blanc\/","title":{"rendered":"POIGN\u00c9E 128MM LAITON D\u00c9CAPE BLANC"},"content":{"rendered":"<p>Ce mod\u00e8le de poign\u00e9e de meuble a \u00e9t\u00e9 con\u00e7u pour \u00eatre install\u00e9 sur des portes ou tiroirs de meubles et nous le fournissons avec les vis n\u00e9cessaires au montage, poign\u00e9e 128mm laiton d\u00e9cape blanc<\/p>\n","protected":false},"excerpt":{"rendered":"<p>Ce mod\u00e8le de poign\u00e9e de meuble a \u00e9t\u00e9 con\u00e7u pour \u00eatre install\u00e9 sur des portes ou tiroirs de meubles et nous le fournissons avec les vis n\u00e9cessaires au montage, poign\u00e9e 128mm laiton d\u00e9cape blanc<\/p>\n","protected":false},"featured_media":427164,"template":"","meta":{"_joinchat":[]},"product_brand":[],"product_cat":[5189,967,979],"product_tag":[],"class_list":{"0":"post-427167","1":"product","2":"type-product","3":"status-publish","4":"has-post-thumbnail","6":"product_cat-boutons-et-poignees-tiroir-meuble","7":"product_cat-poignees-laiton-meuble-classique","8":"product_cat-poignees-meuble-style-vintage-chic","9":"pa_color-decape-blanc-poignees-boutons-pieds-meuble-portamanteaux-mur-porte","10":"pa_distancia-agujeros-tornillos-poignees-96-mm-entre-trous-de-vis-tiroir-porte-meuble","11":"pa_distancia-agujeros-tornillos-poignees-128-mm-entre-trous-de-vis-tiroir-porte-meuble","12":"pa_tendencia-boutons-poignees-meuble-shabby-chic","14":"first","15":"instock","16":"taxable","17":"shipping-taxable","18":"purchasable","19":"product-type-variable","20":"has-default-attributes","21":"wvs-archive-product-wrapper"},"_links":{"self":[{"href":"https:\/\/www.pomoline.com\/fr\/wp-json\/wp\/v2\/product\/427167","targetHints":{"allow":["GET"]}}],"collection":[{"href":"https:\/\/www.pomoline.com\/fr\/wp-json\/wp\/v2\/product"}],"about":[{"href":"https:\/\/www.pomoline.com\/fr\/wp-json\/wp\/v2\/types\/product"}],"wp:featuredmedia":[{"embeddable":true,"href":"https:\/\/www.pomoline.com\/fr\/wp-json\/wp\/v2\/media\/427164"}],"wp:attachment":[{"href":"https:\/\/www.pomoline.com\/fr\/wp-json\/wp\/v2\/media?parent=427167"}],"wp:term":[{"taxonomy":"product_brand","embeddable":true,"href":"https:\/\/www.pomoline.com\/fr\/wp-json\/wp\/v2\/product_brand?post=427167"},{"taxonomy":"product_cat","embeddable":true,"href":"https:\/\/www.pomoline.com\/fr\/wp-json\/wp\/v2\/product_cat?post=427167"},{"taxonomy":"product_tag","embeddable":true,"href":"https:\/\/www.pomoline.com\/fr\/wp-json\/wp\/v2\/product_tag?post=427167"}],"curies":[{"name":"wp","href":"https:\/\/api.w.org\/{rel}","templated":true}]}}