{"id":427191,"date":"2024-12-01T20:20:56","date_gmt":"2024-12-01T19:20:56","guid":{"rendered":"https:\/\/www.pomoline.com\/web-pruebas\/producto\/asa-metal-96mm-ext200mm-pintura-negro-mate\/"},"modified":"2025-03-13T21:03:41","modified_gmt":"2025-03-13T20:03:41","slug":"poignee-metallique-96mm-ext200mm-peinture-noire-mate","status":"publish","type":"product","link":"https:\/\/www.pomoline.com\/fr\/produit\/poignee-metallique-96mm-ext200mm-peinture-noire-mate\/","title":{"rendered":"POIGN\u00c9E M\u00c9TALLIQUE 96MM EXT200MM PEINTURE NOIRE MATE"},"content":{"rendered":"<p>Ce mod\u00e8le de poign\u00e9e de meuble a \u00e9t\u00e9 con\u00e7u pour \u00eatre install\u00e9 sur des portes ou tiroirs de meubles et nous le fournissons avec les vis n\u00e9cessaires au montage, poign\u00e9e m\u00e9tallique 96mm ext200mm peinture noire mate<\/p>\n","protected":false},"excerpt":{"rendered":"<p>Ce mod\u00e8le de poign\u00e9e de meuble a \u00e9t\u00e9 con\u00e7u pour \u00eatre install\u00e9 sur des portes ou tiroirs de meubles et nous le fournissons avec les vis n\u00e9cessaires au montage, poign\u00e9e m\u00e9tallique 96mm ext200mm peinture noire mate<\/p>\n","protected":false},"featured_media":427188,"template":"","meta":{"_joinchat":[]},"product_brand":[],"product_cat":[5189,959,3484],"product_tag":[],"class_list":{"0":"post-427191","1":"product","2":"type-product","3":"status-publish","4":"has-post-thumbnail","6":"product_cat-boutons-et-poignees-tiroir-meuble","7":"product_cat-poignees-de-cuisine-modernes","8":"product_cat-poignees-boutons-noir-meuble-industriel","9":"pa_color-noir-poignees-boutons-pieds-meuble-portamanteaux-mur-porte","10":"pa_color-blanc-poignees-boutons-pieds-meuble-portamanteaux-mur-porte","11":"pa_color-chrome-mat-poignees-boutons-pieds-meuble-portamanteaux-mur-porte","12":"pa_distancia-agujeros-tornillos-poignees-96-mm-entre-trous-de-vis-tiroir-porte-meuble","13":"pa_tendencia-poignees-meuble-cuisine","15":"first","16":"instock","17":"taxable","18":"shipping-taxable","19":"purchasable","20":"product-type-variable","21":"has-default-attributes","22":"wvs-archive-product-wrapper"},"_links":{"self":[{"href":"https:\/\/www.pomoline.com\/fr\/wp-json\/wp\/v2\/product\/427191","targetHints":{"allow":["GET"]}}],"collection":[{"href":"https:\/\/www.pomoline.com\/fr\/wp-json\/wp\/v2\/product"}],"about":[{"href":"https:\/\/www.pomoline.com\/fr\/wp-json\/wp\/v2\/types\/product"}],"wp:featuredmedia":[{"embeddable":true,"href":"https:\/\/www.pomoline.com\/fr\/wp-json\/wp\/v2\/media\/427188"}],"wp:attachment":[{"href":"https:\/\/www.pomoline.com\/fr\/wp-json\/wp\/v2\/media?parent=427191"}],"wp:term":[{"taxonomy":"product_brand","embeddable":true,"href":"https:\/\/www.pomoline.com\/fr\/wp-json\/wp\/v2\/product_brand?post=427191"},{"taxonomy":"product_cat","embeddable":true,"href":"https:\/\/www.pomoline.com\/fr\/wp-json\/wp\/v2\/product_cat?post=427191"},{"taxonomy":"product_tag","embeddable":true,"href":"https:\/\/www.pomoline.com\/fr\/wp-json\/wp\/v2\/product_tag?post=427191"}],"curies":[{"name":"wp","href":"https:\/\/api.w.org\/{rel}","templated":true}]}}