{"id":427207,"date":"2024-12-01T20:21:41","date_gmt":"2024-12-01T19:21:41","guid":{"rendered":"https:\/\/www.pomoline.com\/web-pruebas\/producto\/pomo-dorado-38x38mm-laton-satinado\/"},"modified":"2025-03-13T21:03:07","modified_gmt":"2025-03-13T20:03:07","slug":"bouton-dore-38x38mm-laiton-satine","status":"publish","type":"product","link":"https:\/\/www.pomoline.com\/fr\/produit\/bouton-dore-38x38mm-laiton-satine\/","title":{"rendered":"BOUTON DOR\u00c9 38X38MM LAITON SATIN\u00c9"},"content":{"rendered":"<p>Ce mod\u00e8le de poign\u00e9e de meuble a \u00e9t\u00e9 con\u00e7u pour \u00eatre install\u00e9 sur des portes ou tiroirs de meubles et nous le fournissons avec les vis n\u00e9cessaires au montage, bouton dor\u00e9 38x38mm laiton satin\u00e9<\/p>\n","protected":false},"excerpt":{"rendered":"<p>Ce mod\u00e8le de poign\u00e9e de meuble a \u00e9t\u00e9 con\u00e7u pour \u00eatre install\u00e9 sur des portes ou tiroirs de meubles et nous le fournissons avec les vis n\u00e9cessaires au montage, bouton dor\u00e9 38x38mm laiton satin\u00e9<\/p>\n","protected":false},"featured_media":427204,"template":"","meta":{"_joinchat":[]},"product_brand":[],"product_cat":[963,5189],"product_tag":[],"class_list":{"0":"post-427207","1":"product","2":"type-product","3":"status-publish","4":"has-post-thumbnail","6":"product_cat-poignees-de-meubles","7":"product_cat-boutons-et-poignees-tiroir-meuble","8":"pa_color-laiton-brosse-poignees-boutons-pieds-meuble-portamanteaux-mur-porte","9":"pa_tendencia-boutons-meuble-tiroir-moderne","11":"first","12":"instock","13":"taxable","14":"shipping-taxable","15":"purchasable","16":"product-type-variable","17":"has-default-attributes","18":"wvs-archive-product-wrapper"},"_links":{"self":[{"href":"https:\/\/www.pomoline.com\/fr\/wp-json\/wp\/v2\/product\/427207","targetHints":{"allow":["GET"]}}],"collection":[{"href":"https:\/\/www.pomoline.com\/fr\/wp-json\/wp\/v2\/product"}],"about":[{"href":"https:\/\/www.pomoline.com\/fr\/wp-json\/wp\/v2\/types\/product"}],"wp:featuredmedia":[{"embeddable":true,"href":"https:\/\/www.pomoline.com\/fr\/wp-json\/wp\/v2\/media\/427204"}],"wp:attachment":[{"href":"https:\/\/www.pomoline.com\/fr\/wp-json\/wp\/v2\/media?parent=427207"}],"wp:term":[{"taxonomy":"product_brand","embeddable":true,"href":"https:\/\/www.pomoline.com\/fr\/wp-json\/wp\/v2\/product_brand?post=427207"},{"taxonomy":"product_cat","embeddable":true,"href":"https:\/\/www.pomoline.com\/fr\/wp-json\/wp\/v2\/product_cat?post=427207"},{"taxonomy":"product_tag","embeddable":true,"href":"https:\/\/www.pomoline.com\/fr\/wp-json\/wp\/v2\/product_tag?post=427207"}],"curies":[{"name":"wp","href":"https:\/\/api.w.org\/{rel}","templated":true}]}}