{"id":427223,"date":"2024-12-01T20:22:27","date_gmt":"2024-12-01T19:22:27","guid":{"rendered":"https:\/\/www.pomoline.com\/web-pruebas\/producto\/asa-aluminio-estriada-128mm-bronce-envejecido\/"},"modified":"2025-03-13T21:02:32","modified_gmt":"2025-03-13T20:02:32","slug":"poignee-moletee-en-aluminium-128mm-bronze-vieilli","status":"publish","type":"product","link":"https:\/\/www.pomoline.com\/fr\/produit\/poignee-moletee-en-aluminium-128mm-bronze-vieilli\/","title":{"rendered":"POIGN\u00c9E MOLET\u00c9E EN ALUMINIUM 128MM BRONZE VIEILLI"},"content":{"rendered":"<p>Ce mod\u00e8le de poign\u00e9e de meuble a \u00e9t\u00e9 con\u00e7u pour \u00eatre install\u00e9 sur des portes ou tiroirs de meubles et nous le fournissons avec les vis n\u00e9cessaires au montage, poign\u00e9e molet\u00e9e en aluminium 128mm bronze vieilli<\/p>\n","protected":false},"excerpt":{"rendered":"<p>Ce mod\u00e8le de poign\u00e9e de meuble a \u00e9t\u00e9 con\u00e7u pour \u00eatre install\u00e9 sur des portes ou tiroirs de meubles et nous le fournissons avec les vis n\u00e9cessaires au montage, poign\u00e9e molet\u00e9e en aluminium 128mm bronze vieilli<\/p>\n","protected":false},"featured_media":427220,"template":"","meta":{"_joinchat":[]},"product_brand":[],"product_cat":[5189,975,959],"product_tag":[],"class_list":{"0":"post-427223","1":"product","2":"type-product","3":"status-publish","4":"has-post-thumbnail","6":"product_cat-boutons-et-poignees-tiroir-meuble","7":"product_cat-poignees-boutons-meuble-style-ethnique-rustique","8":"product_cat-poignees-de-cuisine-modernes","9":"pa_color-vieux-laiton-poignees-boutons-pieds-meuble-portamanteaux-mur-porte","10":"pa_distancia-agujeros-tornillos-poignees-128-mm-entre-trous-de-vis-tiroir-porte-meuble","11":"pa_distancia-agujeros-tornillos-poignees-160-mm-entre-trous-de-vis-tiroir-porte-meuble","12":"pa_tendencia-poignees-meuble-cuisine","14":"first","15":"instock","16":"taxable","17":"shipping-taxable","18":"purchasable","19":"product-type-variable","20":"has-default-attributes","21":"wvs-archive-product-wrapper"},"_links":{"self":[{"href":"https:\/\/www.pomoline.com\/fr\/wp-json\/wp\/v2\/product\/427223","targetHints":{"allow":["GET"]}}],"collection":[{"href":"https:\/\/www.pomoline.com\/fr\/wp-json\/wp\/v2\/product"}],"about":[{"href":"https:\/\/www.pomoline.com\/fr\/wp-json\/wp\/v2\/types\/product"}],"wp:featuredmedia":[{"embeddable":true,"href":"https:\/\/www.pomoline.com\/fr\/wp-json\/wp\/v2\/media\/427220"}],"wp:attachment":[{"href":"https:\/\/www.pomoline.com\/fr\/wp-json\/wp\/v2\/media?parent=427223"}],"wp:term":[{"taxonomy":"product_brand","embeddable":true,"href":"https:\/\/www.pomoline.com\/fr\/wp-json\/wp\/v2\/product_brand?post=427223"},{"taxonomy":"product_cat","embeddable":true,"href":"https:\/\/www.pomoline.com\/fr\/wp-json\/wp\/v2\/product_cat?post=427223"},{"taxonomy":"product_tag","embeddable":true,"href":"https:\/\/www.pomoline.com\/fr\/wp-json\/wp\/v2\/product_tag?post=427223"}],"curies":[{"name":"wp","href":"https:\/\/api.w.org\/{rel}","templated":true}]}}