{"id":427295,"date":"2024-12-01T20:26:02","date_gmt":"2024-12-01T19:26:02","guid":{"rendered":"https:\/\/www.pomoline.com\/web-pruebas\/producto\/asa-aluminio-128mm-ext148mm-oro-mate\/"},"modified":"2025-03-13T20:59:53","modified_gmt":"2025-03-13T19:59:53","slug":"poignee-aluminium-128mm-ext148mm-or-mat","status":"publish","type":"product","link":"https:\/\/www.pomoline.com\/fr\/produit\/poignee-aluminium-128mm-ext148mm-or-mat\/","title":{"rendered":"POIGN\u00c9E ALUMINIUM 128MM EXT148MM OR MAT"},"content":{"rendered":"<p>Ce mod\u00e8le de poign\u00e9e de meuble a \u00e9t\u00e9 con\u00e7u pour \u00eatre install\u00e9 sur des portes ou tiroirs de meubles et nous le fournissons avec les vis n\u00e9cessaires au montage, poign\u00e9e aluminium 128mm ext148mm or mat<\/p>\n","protected":false},"excerpt":{"rendered":"<p>Ce mod\u00e8le de poign\u00e9e de meuble a \u00e9t\u00e9 con\u00e7u pour \u00eatre install\u00e9 sur des portes ou tiroirs de meubles et nous le fournissons avec les vis n\u00e9cessaires au montage, poign\u00e9e aluminium 128mm ext148mm or mat<\/p>\n","protected":false},"featured_media":427292,"template":"","meta":{"_joinchat":[]},"product_brand":[],"product_cat":[5189,959],"product_tag":[],"class_list":{"0":"post-427295","1":"product","2":"type-product","3":"status-publish","4":"has-post-thumbnail","6":"product_cat-boutons-et-poignees-tiroir-meuble","7":"product_cat-poignees-de-cuisine-modernes","8":"pa_color-or-poignees-boutons-pieds-meuble-portamanteaux-mur-porte","9":"pa_distancia-agujeros-tornillos-poignees-32-mm-entre-trous-de-vis-tiroir-porte-meuble","10":"pa_distancia-agujeros-tornillos-poignees-64-mm-entre-trous-de-vis-tiroir-porte-meuble","11":"pa_distancia-agujeros-tornillos-poignees-96-mm-entre-trous-de-vis-tiroir-porte-meuble","12":"pa_distancia-agujeros-tornillos-poignees-128-mm-entre-trous-de-vis-tiroir-porte-meuble","13":"pa_distancia-agujeros-tornillos-poignees-160-mm-entre-trous-de-vis-tiroir-porte-meuble","14":"pa_distancia-agujeros-tornillos-poignees-192-mm-entre-trous-de-vis-tiroir-porte-meuble","15":"pa_tendencia-poignees-meuble-cuisine","17":"first","18":"instock","19":"taxable","20":"shipping-taxable","21":"purchasable","22":"product-type-variable","23":"has-default-attributes","24":"wvs-archive-product-wrapper"},"_links":{"self":[{"href":"https:\/\/www.pomoline.com\/fr\/wp-json\/wp\/v2\/product\/427295","targetHints":{"allow":["GET"]}}],"collection":[{"href":"https:\/\/www.pomoline.com\/fr\/wp-json\/wp\/v2\/product"}],"about":[{"href":"https:\/\/www.pomoline.com\/fr\/wp-json\/wp\/v2\/types\/product"}],"wp:featuredmedia":[{"embeddable":true,"href":"https:\/\/www.pomoline.com\/fr\/wp-json\/wp\/v2\/media\/427292"}],"wp:attachment":[{"href":"https:\/\/www.pomoline.com\/fr\/wp-json\/wp\/v2\/media?parent=427295"}],"wp:term":[{"taxonomy":"product_brand","embeddable":true,"href":"https:\/\/www.pomoline.com\/fr\/wp-json\/wp\/v2\/product_brand?post=427295"},{"taxonomy":"product_cat","embeddable":true,"href":"https:\/\/www.pomoline.com\/fr\/wp-json\/wp\/v2\/product_cat?post=427295"},{"taxonomy":"product_tag","embeddable":true,"href":"https:\/\/www.pomoline.com\/fr\/wp-json\/wp\/v2\/product_tag?post=427295"}],"curies":[{"name":"wp","href":"https:\/\/api.w.org\/{rel}","templated":true}]}}