{"id":427343,"date":"2024-12-01T20:28:12","date_gmt":"2024-12-01T19:28:12","guid":{"rendered":"https:\/\/www.pomoline.com\/web-pruebas\/producto\/tirador-dorado-cocina-160-192mm-laton-satinado-largo-total-210mm\/"},"modified":"2025-03-13T20:58:10","modified_gmt":"2025-03-13T19:58:10","slug":"poignee-de-cuisine-doree-160-192mm-laiton-satine-laiton-satine-longueur-totale-210mm","status":"publish","type":"product","link":"https:\/\/www.pomoline.com\/fr\/produit\/poignee-de-cuisine-doree-160-192mm-laiton-satine-laiton-satine-longueur-totale-210mm\/","title":{"rendered":"POIGN\u00c9E DE CUISINE DOR\u00c9E 160 192MM LAITON SATIN\u00c9 LAITON SATIN\u00c9 LONGUEUR TOTALE 210MM"},"content":{"rendered":"<p>Ce mod\u00e8le de poign\u00e9e de meuble a \u00e9t\u00e9 con\u00e7u pour \u00eatre install\u00e9 sur des portes ou tiroirs de meubles et nous le fournissons avec les vis n\u00e9cessaires au montage, poign\u00e9e de cuisine dor\u00e9e 160 192mm laiton satin\u00e9 laiton satin\u00e9 longueur totale 210mm<\/p>\n","protected":false},"excerpt":{"rendered":"<p>Ce mod\u00e8le de poign\u00e9e de meuble a \u00e9t\u00e9 con\u00e7u pour \u00eatre install\u00e9 sur des portes ou tiroirs de meubles et nous le fournissons avec les vis n\u00e9cessaires au montage, poign\u00e9e de cuisine dor\u00e9e 160 192mm laiton satin\u00e9 laiton satin\u00e9 longueur totale 210mm<\/p>\n","protected":false},"featured_media":427340,"template":"","meta":{"_joinchat":[]},"product_brand":[],"product_cat":[5189,959],"product_tag":[],"class_list":{"0":"post-427343","1":"product","2":"type-product","3":"status-publish","4":"has-post-thumbnail","6":"product_cat-boutons-et-poignees-tiroir-meuble","7":"product_cat-poignees-de-cuisine-modernes","8":"pa_color-laiton-brosse-poignees-boutons-pieds-meuble-portamanteaux-mur-porte","9":"pa_distancia-agujeros-tornillos-poignees-96-mm-128-mm-mentre-trous-de-vis-tiroir-porte-meuble","10":"pa_distancia-agujeros-tornillos-poignees-160-mm-192-mm-entre-trous-de-vis-tiroir-porte-meuble","11":"pa_tendencia-poignees-meuble-cuisine","13":"first","14":"instock","15":"taxable","16":"shipping-taxable","17":"purchasable","18":"product-type-variable","19":"has-default-attributes","20":"wvs-archive-product-wrapper"},"_links":{"self":[{"href":"https:\/\/www.pomoline.com\/fr\/wp-json\/wp\/v2\/product\/427343","targetHints":{"allow":["GET"]}}],"collection":[{"href":"https:\/\/www.pomoline.com\/fr\/wp-json\/wp\/v2\/product"}],"about":[{"href":"https:\/\/www.pomoline.com\/fr\/wp-json\/wp\/v2\/types\/product"}],"wp:featuredmedia":[{"embeddable":true,"href":"https:\/\/www.pomoline.com\/fr\/wp-json\/wp\/v2\/media\/427340"}],"wp:attachment":[{"href":"https:\/\/www.pomoline.com\/fr\/wp-json\/wp\/v2\/media?parent=427343"}],"wp:term":[{"taxonomy":"product_brand","embeddable":true,"href":"https:\/\/www.pomoline.com\/fr\/wp-json\/wp\/v2\/product_brand?post=427343"},{"taxonomy":"product_cat","embeddable":true,"href":"https:\/\/www.pomoline.com\/fr\/wp-json\/wp\/v2\/product_cat?post=427343"},{"taxonomy":"product_tag","embeddable":true,"href":"https:\/\/www.pomoline.com\/fr\/wp-json\/wp\/v2\/product_tag?post=427343"}],"curies":[{"name":"wp","href":"https:\/\/api.w.org\/{rel}","templated":true}]}}