{"id":427367,"date":"2024-12-01T20:29:22","date_gmt":"2024-12-01T19:29:22","guid":{"rendered":"https:\/\/www.pomoline.com\/web-pruebas\/producto\/pomo-piel-cuero-natural-boton-metal-blanco\/"},"modified":"2025-03-13T20:57:19","modified_gmt":"2025-03-13T19:57:19","slug":"bouton-en-cuir-cuir-naturel-bouton-en-metal-blanc","status":"publish","type":"product","link":"https:\/\/www.pomoline.com\/fr\/produit\/bouton-en-cuir-cuir-naturel-bouton-en-metal-blanc\/","title":{"rendered":"BOUTON EN CUIR CUIR NATUREL BOUTON EN M\u00c9TAL BLANC"},"content":{"rendered":"<p>Ce mod\u00e8le de poign\u00e9e de meuble a \u00e9t\u00e9 con\u00e7u pour \u00eatre install\u00e9 sur des portes ou tiroirs de meubles et nous le fournissons avec les vis n\u00e9cessaires au montage, bouton en cuir cuir naturel bouton en m\u00e9tal blanc<\/p>\n","protected":false},"excerpt":{"rendered":"<p>Ce mod\u00e8le de poign\u00e9e de meuble a \u00e9t\u00e9 con\u00e7u pour \u00eatre install\u00e9 sur des portes ou tiroirs de meubles et nous le fournissons avec les vis n\u00e9cessaires au montage, bouton en cuir cuir naturel bouton en m\u00e9tal blanc<\/p>\n","protected":false},"featured_media":427364,"template":"","meta":{"_joinchat":[]},"product_brand":[],"product_cat":[999,5189,975],"product_tag":[],"class_list":{"0":"post-427367","1":"product","2":"type-product","3":"status-publish","4":"has-post-thumbnail","6":"product_cat-boutons-de-meuble-en-cuir-et-tissu-poignees-de-tiroir","7":"product_cat-boutons-et-poignees-tiroir-meuble","8":"product_cat-poignees-boutons-meuble-style-ethnique-rustique","9":"pa_color-vert-poignees-boutons-pieds-meuble-portamanteaux-mur-porte","10":"pa_color-noir-poignees-boutons-pieds-meuble-portamanteaux-mur-porte","11":"pa_color-blanc-poignees-boutons-pieds-meuble-portamanteaux-mur-porte","12":"pa_color-marron-poignees-boutons-pieds-meuble-portamanteaux-mur-porte","13":"pa_color-miel-de-hetre-poignees-boutons-pieds-meuble-portamanteaux-mur-porte","14":"pa_color-le-sable-poignees-boutons-pieds-meuble-portamanteaux-mur-porte","15":"pa_distancia-agujeros-tornillos-poignees-96-mm-entre-trous-de-vis-tiroir-porte-meuble","16":"pa_distancia-agujeros-tornillos-poignees-128-mm-entre-trous-de-vis-tiroir-porte-meuble","17":"pa_tendencia-poignees-meuble-moderne","19":"first","20":"instock","21":"taxable","22":"shipping-taxable","23":"purchasable","24":"product-type-variable","25":"has-default-attributes","26":"wvs-archive-product-wrapper"},"_links":{"self":[{"href":"https:\/\/www.pomoline.com\/fr\/wp-json\/wp\/v2\/product\/427367","targetHints":{"allow":["GET"]}}],"collection":[{"href":"https:\/\/www.pomoline.com\/fr\/wp-json\/wp\/v2\/product"}],"about":[{"href":"https:\/\/www.pomoline.com\/fr\/wp-json\/wp\/v2\/types\/product"}],"wp:featuredmedia":[{"embeddable":true,"href":"https:\/\/www.pomoline.com\/fr\/wp-json\/wp\/v2\/media\/427364"}],"wp:attachment":[{"href":"https:\/\/www.pomoline.com\/fr\/wp-json\/wp\/v2\/media?parent=427367"}],"wp:term":[{"taxonomy":"product_brand","embeddable":true,"href":"https:\/\/www.pomoline.com\/fr\/wp-json\/wp\/v2\/product_brand?post=427367"},{"taxonomy":"product_cat","embeddable":true,"href":"https:\/\/www.pomoline.com\/fr\/wp-json\/wp\/v2\/product_cat?post=427367"},{"taxonomy":"product_tag","embeddable":true,"href":"https:\/\/www.pomoline.com\/fr\/wp-json\/wp\/v2\/product_tag?post=427367"}],"curies":[{"name":"wp","href":"https:\/\/api.w.org\/{rel}","templated":true}]}}