{"id":427431,"date":"2024-12-01T20:32:31","date_gmt":"2024-12-01T19:32:31","guid":{"rendered":"https:\/\/www.pomoline.com\/web-pruebas\/producto\/percha-puerta-extensible-metal-pintura-negro-mate\/"},"modified":"2025-03-13T20:55:11","modified_gmt":"2025-03-13T19:55:11","slug":"crochet-en-metal-pour-porte-extensible-finition-peinture-noire-mate","status":"publish","type":"product","link":"https:\/\/www.pomoline.com\/fr\/produit\/crochet-en-metal-pour-porte-extensible-finition-peinture-noire-mate\/","title":{"rendered":"CROCHET EN M\u00c9TAL POUR PORTE EXTENSIBLE, FINITION PEINTURE NOIRE MATE"},"content":{"rendered":"<p>Ce mod\u00e8le de poign\u00e9e de meuble a \u00e9t\u00e9 con\u00e7u pour \u00eatre install\u00e9 sur des portes ou tiroirs de meubles et nous le fournissons avec les vis n\u00e9cessaires au montage, crochet en m\u00e9tal pour porte extensible, finition peinture noire mate<\/p>\n","protected":false},"excerpt":{"rendered":"<p>Ce mod\u00e8le de poign\u00e9e de meuble a \u00e9t\u00e9 con\u00e7u pour \u00eatre install\u00e9 sur des portes ou tiroirs de meubles et nous le fournissons avec les vis n\u00e9cessaires au montage, crochet en m\u00e9tal pour porte extensible, finition peinture noire mate<\/p>\n","protected":false},"featured_media":427428,"template":"","meta":{"_joinchat":[]},"product_brand":[],"product_cat":[5355,5357,5185],"product_tag":[],"class_list":{"0":"post-427431","1":"product","2":"type-product","3":"status-publish","4":"has-post-thumbnail","6":"product_cat-ofertas","7":"product_cat-ofertas-fr","8":"product_cat-porte-manteaux-cintres-au-dessus-de-porte","9":"pa_color-noir-poignees-boutons-pieds-meuble-portamanteaux-mur-porte","10":"pa_tendencia-portemanteu-sur-porte","12":"first","13":"instock","14":"sale","15":"taxable","16":"shipping-taxable","17":"purchasable","18":"product-type-variable","19":"has-default-attributes","20":"wvs-archive-product-wrapper"},"_links":{"self":[{"href":"https:\/\/www.pomoline.com\/fr\/wp-json\/wp\/v2\/product\/427431","targetHints":{"allow":["GET"]}}],"collection":[{"href":"https:\/\/www.pomoline.com\/fr\/wp-json\/wp\/v2\/product"}],"about":[{"href":"https:\/\/www.pomoline.com\/fr\/wp-json\/wp\/v2\/types\/product"}],"wp:featuredmedia":[{"embeddable":true,"href":"https:\/\/www.pomoline.com\/fr\/wp-json\/wp\/v2\/media\/427428"}],"wp:attachment":[{"href":"https:\/\/www.pomoline.com\/fr\/wp-json\/wp\/v2\/media?parent=427431"}],"wp:term":[{"taxonomy":"product_brand","embeddable":true,"href":"https:\/\/www.pomoline.com\/fr\/wp-json\/wp\/v2\/product_brand?post=427431"},{"taxonomy":"product_cat","embeddable":true,"href":"https:\/\/www.pomoline.com\/fr\/wp-json\/wp\/v2\/product_cat?post=427431"},{"taxonomy":"product_tag","embeddable":true,"href":"https:\/\/www.pomoline.com\/fr\/wp-json\/wp\/v2\/product_tag?post=427431"}],"curies":[{"name":"wp","href":"https:\/\/api.w.org\/{rel}","templated":true}]}}