{"id":427439,"date":"2024-12-01T20:32:54","date_gmt":"2024-12-01T19:32:54","guid":{"rendered":"https:\/\/www.pomoline.com\/web-pruebas\/producto\/gancho-puerta-metal-blanco-40x200mm-pomo-haya-natural\/"},"modified":"2025-03-13T20:54:55","modified_gmt":"2025-03-13T19:54:55","slug":"crochet-de-porte-en-metal-blanc-40x200mm-bouton-en-hetre-naturel","status":"publish","type":"product","link":"https:\/\/www.pomoline.com\/fr\/produit\/crochet-de-porte-en-metal-blanc-40x200mm-bouton-en-hetre-naturel\/","title":{"rendered":"CROCHET DE PORTE EN M\u00c9TAL BLANC 40X200MM BOUTON EN H\u00caTRE NATUREL"},"content":{"rendered":"<p>Ce mod\u00e8le de poign\u00e9e de meuble a \u00e9t\u00e9 con\u00e7u pour \u00eatre install\u00e9 sur des portes ou tiroirs de meubles et nous le fournissons avec les vis n\u00e9cessaires au montage, crochet de porte en m\u00e9tal blanc 40x200mm bouton en h\u00eatre naturel<\/p>\n","protected":false},"excerpt":{"rendered":"<p>Ce mod\u00e8le de poign\u00e9e de meuble a \u00e9t\u00e9 con\u00e7u pour \u00eatre install\u00e9 sur des portes ou tiroirs de meubles et nous le fournissons avec les vis n\u00e9cessaires au montage, crochet de porte en m\u00e9tal blanc 40x200mm bouton en h\u00eatre naturel<\/p>\n","protected":false},"featured_media":427436,"template":"","meta":{"_joinchat":[]},"product_brand":[],"product_cat":[5185],"product_tag":[],"class_list":{"0":"post-427439","1":"product","2":"type-product","3":"status-publish","4":"has-post-thumbnail","6":"product_cat-porte-manteaux-cintres-au-dessus-de-porte","7":"pa_color-noir-poignees-boutons-pieds-meuble-portamanteaux-mur-porte","8":"pa_color-blanc-poignees-boutons-pieds-meuble-portamanteaux-mur-porte","9":"pa_tendencia-portemanteu-sur-porte","11":"first","12":"instock","13":"taxable","14":"shipping-taxable","15":"purchasable","16":"product-type-variable","17":"has-default-attributes","18":"wvs-archive-product-wrapper"},"_links":{"self":[{"href":"https:\/\/www.pomoline.com\/fr\/wp-json\/wp\/v2\/product\/427439","targetHints":{"allow":["GET"]}}],"collection":[{"href":"https:\/\/www.pomoline.com\/fr\/wp-json\/wp\/v2\/product"}],"about":[{"href":"https:\/\/www.pomoline.com\/fr\/wp-json\/wp\/v2\/types\/product"}],"wp:featuredmedia":[{"embeddable":true,"href":"https:\/\/www.pomoline.com\/fr\/wp-json\/wp\/v2\/media\/427436"}],"wp:attachment":[{"href":"https:\/\/www.pomoline.com\/fr\/wp-json\/wp\/v2\/media?parent=427439"}],"wp:term":[{"taxonomy":"product_brand","embeddable":true,"href":"https:\/\/www.pomoline.com\/fr\/wp-json\/wp\/v2\/product_brand?post=427439"},{"taxonomy":"product_cat","embeddable":true,"href":"https:\/\/www.pomoline.com\/fr\/wp-json\/wp\/v2\/product_cat?post=427439"},{"taxonomy":"product_tag","embeddable":true,"href":"https:\/\/www.pomoline.com\/fr\/wp-json\/wp\/v2\/product_tag?post=427439"}],"curies":[{"name":"wp","href":"https:\/\/api.w.org\/{rel}","templated":true}]}}