{"id":427463,"date":"2024-12-01T20:34:03","date_gmt":"2024-12-01T19:34:03","guid":{"rendered":"https:\/\/www.pomoline.com\/web-pruebas\/producto\/gancho-pared-78x40mm-metal-laton\/"},"modified":"2025-03-13T20:54:01","modified_gmt":"2025-03-13T19:54:01","slug":"crochet-mural-78x40mm-laiton-metal","status":"publish","type":"product","link":"https:\/\/www.pomoline.com\/fr\/produit\/crochet-mural-78x40mm-laiton-metal\/","title":{"rendered":"CROCHET MURAL 78X40MM LAITON M\u00c9TAL"},"content":{"rendered":"<p>Ce mod\u00e8le de poign\u00e9e de meuble a \u00e9t\u00e9 con\u00e7u pour \u00eatre install\u00e9 sur des portes ou tiroirs de meubles et nous le fournissons avec les vis n\u00e9cessaires au montage, crochet mural 78x40mm laiton m\u00e9tal<\/p>\n","protected":false},"excerpt":{"rendered":"<p>Ce mod\u00e8le de poign\u00e9e de meuble a \u00e9t\u00e9 con\u00e7u pour \u00eatre install\u00e9 sur des portes ou tiroirs de meubles et nous le fournissons avec les vis n\u00e9cessaires au montage, crochet mural 78x40mm laiton m\u00e9tal<\/p>\n","protected":false},"featured_media":427460,"template":"","meta":{"_joinchat":[]},"product_brand":[],"product_cat":[1007],"product_tag":[],"class_list":{"0":"post-427463","1":"product","2":"type-product","3":"status-publish","4":"has-post-thumbnail","6":"product_cat-portemanteaux-muraux-patere-mural","7":"pa_color-laiton-brosse-poignees-boutons-pieds-meuble-portamanteaux-mur-porte","8":"pa_color-noir-poignees-boutons-pieds-meuble-portamanteaux-mur-porte","9":"pa_color-blanc-poignees-boutons-pieds-meuble-portamanteaux-mur-porte","10":"pa_color-acier-inoxydable-poignees-boutons-pieds-meuble-portamanteaux-mur-porte","11":"pa_tendencia-portemanteaux-moderne-mural-maison-decoration","13":"first","14":"instock","15":"taxable","16":"shipping-taxable","17":"purchasable","18":"product-type-variable","19":"has-default-attributes","20":"wvs-archive-product-wrapper"},"_links":{"self":[{"href":"https:\/\/www.pomoline.com\/fr\/wp-json\/wp\/v2\/product\/427463","targetHints":{"allow":["GET"]}}],"collection":[{"href":"https:\/\/www.pomoline.com\/fr\/wp-json\/wp\/v2\/product"}],"about":[{"href":"https:\/\/www.pomoline.com\/fr\/wp-json\/wp\/v2\/types\/product"}],"wp:featuredmedia":[{"embeddable":true,"href":"https:\/\/www.pomoline.com\/fr\/wp-json\/wp\/v2\/media\/427460"}],"wp:attachment":[{"href":"https:\/\/www.pomoline.com\/fr\/wp-json\/wp\/v2\/media?parent=427463"}],"wp:term":[{"taxonomy":"product_brand","embeddable":true,"href":"https:\/\/www.pomoline.com\/fr\/wp-json\/wp\/v2\/product_brand?post=427463"},{"taxonomy":"product_cat","embeddable":true,"href":"https:\/\/www.pomoline.com\/fr\/wp-json\/wp\/v2\/product_cat?post=427463"},{"taxonomy":"product_tag","embeddable":true,"href":"https:\/\/www.pomoline.com\/fr\/wp-json\/wp\/v2\/product_tag?post=427463"}],"curies":[{"name":"wp","href":"https:\/\/api.w.org\/{rel}","templated":true}]}}