{"id":427560,"date":"2024-12-01T22:05:16","date_gmt":"2024-12-01T21:05:16","guid":{"rendered":"https:\/\/www.pomoline.com\/web-pruebas\/producto\/percha-metal-pared-10-gancho-madera-natural-430mm\/"},"modified":"2025-03-13T20:50:48","modified_gmt":"2025-03-13T19:50:48","slug":"crochet-mural-en-metal-10-crochets-bois-naturel-430mm","status":"publish","type":"product","link":"https:\/\/www.pomoline.com\/fr\/produit\/crochet-mural-en-metal-10-crochets-bois-naturel-430mm\/","title":{"rendered":"CROCHET MURAL EN M\u00c9TAL 10 CROCHETS BOIS NATUREL 430MM"},"content":{"rendered":"<p>Ce mod\u00e8le de poign\u00e9e de meuble a \u00e9t\u00e9 con\u00e7u pour \u00eatre install\u00e9 sur des portes ou tiroirs de meubles et nous le fournissons avec les vis n\u00e9cessaires au montage, crochet mural en m\u00e9tal 10 crochets bois naturel 430mm<\/p>\n","protected":false},"excerpt":{"rendered":"<p>Ce mod\u00e8le de poign\u00e9e de meuble a \u00e9t\u00e9 con\u00e7u pour \u00eatre install\u00e9 sur des portes ou tiroirs de meubles et nous le fournissons avec les vis n\u00e9cessaires au montage, crochet mural en m\u00e9tal 10 crochets bois naturel 430mm<\/p>\n","protected":false},"featured_media":427557,"template":"","meta":{"_joinchat":[]},"product_brand":[],"product_cat":[1007],"product_tag":[],"class_list":{"0":"post-427560","1":"product","2":"type-product","3":"status-publish","4":"has-post-thumbnail","6":"product_cat-portemanteaux-muraux-patere-mural","7":"pa_color-noir-poignees-boutons-pieds-meuble-portamanteaux-mur-porte","8":"pa_color-blanc-poignees-boutons-pieds-meuble-portamanteaux-mur-porte","9":"pa_tendencia-portemanteaux-moderne-mural-maison-decoration","11":"first","12":"instock","13":"taxable","14":"shipping-taxable","15":"purchasable","16":"product-type-variable","17":"has-default-attributes","18":"wvs-archive-product-wrapper"},"_links":{"self":[{"href":"https:\/\/www.pomoline.com\/fr\/wp-json\/wp\/v2\/product\/427560","targetHints":{"allow":["GET"]}}],"collection":[{"href":"https:\/\/www.pomoline.com\/fr\/wp-json\/wp\/v2\/product"}],"about":[{"href":"https:\/\/www.pomoline.com\/fr\/wp-json\/wp\/v2\/types\/product"}],"wp:featuredmedia":[{"embeddable":true,"href":"https:\/\/www.pomoline.com\/fr\/wp-json\/wp\/v2\/media\/427557"}],"wp:attachment":[{"href":"https:\/\/www.pomoline.com\/fr\/wp-json\/wp\/v2\/media?parent=427560"}],"wp:term":[{"taxonomy":"product_brand","embeddable":true,"href":"https:\/\/www.pomoline.com\/fr\/wp-json\/wp\/v2\/product_brand?post=427560"},{"taxonomy":"product_cat","embeddable":true,"href":"https:\/\/www.pomoline.com\/fr\/wp-json\/wp\/v2\/product_cat?post=427560"},{"taxonomy":"product_tag","embeddable":true,"href":"https:\/\/www.pomoline.com\/fr\/wp-json\/wp\/v2\/product_tag?post=427560"}],"curies":[{"name":"wp","href":"https:\/\/api.w.org\/{rel}","templated":true}]}}