{"id":427631,"date":"2024-12-04T17:43:47","date_gmt":"2024-12-04T16:43:47","guid":{"rendered":"https:\/\/www.pomoline.com\/web-pruebas\/producto\/pomo-redondo-60mm-madera-haya-natural\/"},"modified":"2025-03-13T20:49:06","modified_gmt":"2025-03-13T19:49:06","slug":"bouton-rond-60mm-bois-de-hetre-naturel","status":"publish","type":"product","link":"https:\/\/www.pomoline.com\/fr\/produit\/bouton-rond-60mm-bois-de-hetre-naturel\/","title":{"rendered":"BOUTON ROND 60MM BOIS DE H\u00caTRE NATUREL"},"content":{"rendered":"<p>Ce mod\u00e8le de poign\u00e9e de meuble a \u00e9t\u00e9 con\u00e7u pour \u00eatre install\u00e9 sur des portes ou tiroirs de meubles et nous le fournissons avec les vis n\u00e9cessaires au montage, bouton rond 60mm bois de h\u00eatre naturel<\/p>\n","protected":false},"excerpt":{"rendered":"<p>Ce mod\u00e8le de poign\u00e9e de meuble a \u00e9t\u00e9 con\u00e7u pour \u00eatre install\u00e9 sur des portes ou tiroirs de meubles et nous le fournissons avec les vis n\u00e9cessaires au montage, bouton rond 60mm bois de h\u00eatre naturel<\/p>\n","protected":false},"featured_media":427628,"template":"","meta":{"_joinchat":[]},"product_brand":[],"product_cat":[5189,991,995],"product_tag":[],"class_list":{"0":"post-427631","1":"product","2":"type-product","3":"status-publish","4":"has-post-thumbnail","6":"product_cat-boutons-et-poignees-tiroir-meuble","7":"product_cat-poignees-et-bouton-en-bois-pou-meuble","8":"product_cat-boutons-meuble-pour-enfants-bebe","9":"pa_color-hetre-naturel-poignees-boutons-pieds-meuble-portamanteaux-mur-porte","10":"pa_tendencia-poignees-boutons-en-bois-pour-meuble","12":"first","13":"instock","14":"taxable","15":"shipping-taxable","16":"purchasable","17":"product-type-variable","18":"has-default-attributes","19":"wvs-archive-product-wrapper"},"_links":{"self":[{"href":"https:\/\/www.pomoline.com\/fr\/wp-json\/wp\/v2\/product\/427631","targetHints":{"allow":["GET"]}}],"collection":[{"href":"https:\/\/www.pomoline.com\/fr\/wp-json\/wp\/v2\/product"}],"about":[{"href":"https:\/\/www.pomoline.com\/fr\/wp-json\/wp\/v2\/types\/product"}],"wp:featuredmedia":[{"embeddable":true,"href":"https:\/\/www.pomoline.com\/fr\/wp-json\/wp\/v2\/media\/427628"}],"wp:attachment":[{"href":"https:\/\/www.pomoline.com\/fr\/wp-json\/wp\/v2\/media?parent=427631"}],"wp:term":[{"taxonomy":"product_brand","embeddable":true,"href":"https:\/\/www.pomoline.com\/fr\/wp-json\/wp\/v2\/product_brand?post=427631"},{"taxonomy":"product_cat","embeddable":true,"href":"https:\/\/www.pomoline.com\/fr\/wp-json\/wp\/v2\/product_cat?post=427631"},{"taxonomy":"product_tag","embeddable":true,"href":"https:\/\/www.pomoline.com\/fr\/wp-json\/wp\/v2\/product_tag?post=427631"}],"curies":[{"name":"wp","href":"https:\/\/api.w.org\/{rel}","templated":true}]}}