{"id":427703,"date":"2024-12-04T18:29:08","date_gmt":"2024-12-04T17:29:08","guid":{"rendered":"https:\/\/www.pomoline.com\/web-pruebas\/producto\/pata-conica-recta-madera-haya-altura-150mm-barniz-plato-acero-cincado\/"},"modified":"2025-09-30T12:40:02","modified_gmt":"2025-09-30T10:40:02","slug":"pied-droit-conique-hetre-hauteur-150mm-verni-plaque-acier-zingue","status":"publish","type":"product","link":"https:\/\/www.pomoline.com\/fr\/produit\/pied-droit-conique-hetre-hauteur-150mm-verni-plaque-acier-zingue\/","title":{"rendered":"PIED DROIT CONIQUE H\u00caTRE HAUTEUR 150MM VERNI PLAQUE ACIER ZINGU\u00c9"},"content":{"rendered":"<p>Ce mod\u00e8le de poign\u00e9e de meuble a \u00e9t\u00e9 con\u00e7u pour \u00eatre install\u00e9 sur des portes ou tiroirs de meubles et nous le fournissons avec les vis n\u00e9cessaires au montage, pied droit conique h\u00eatre hauteur 150mm verni plaque acier zingu\u00e9<\/p>\n","protected":false},"excerpt":{"rendered":"<p>Ce mod\u00e8le de poign\u00e9e de meuble a \u00e9t\u00e9 con\u00e7u pour \u00eatre install\u00e9 sur des portes ou tiroirs de meubles et nous le fournissons avec les vis n\u00e9cessaires au montage, pied droit conique h\u00eatre hauteur 150mm verni plaque acier zingu\u00e9<\/p>\n","protected":false},"featured_media":427700,"template":"","meta":{"_joinchat":[]},"product_brand":[],"product_cat":[5355,5357,1019],"product_tag":[],"class_list":{"0":"post-427703","1":"product","2":"type-product","3":"status-publish","4":"has-post-thumbnail","6":"product_cat-ofertas","7":"product_cat-ofertas-fr","8":"product_cat-pieds-table-et-meuble","9":"pa_color-noir-poignees-boutons-pieds-meuble-portamanteaux-mur-porte","10":"pa_color-hetre-naturel-poignees-boutons-pieds-meuble-portamanteaux-mur-porte","11":"pa_color-blanc-poignees-boutons-pieds-meuble-portamanteaux-mur-porte","12":"pa_color-bois-brut-poignees-boutons-pieds-meuble-portamanteaux-mur-porte","13":"pa_tendencia-pieds-pour-meuble-nordique-scandinave","15":"first","16":"instock","17":"sale","18":"taxable","19":"shipping-taxable","20":"purchasable","21":"product-type-variable","22":"has-default-attributes","23":"wvs-archive-product-wrapper"},"_links":{"self":[{"href":"https:\/\/www.pomoline.com\/fr\/wp-json\/wp\/v2\/product\/427703","targetHints":{"allow":["GET"]}}],"collection":[{"href":"https:\/\/www.pomoline.com\/fr\/wp-json\/wp\/v2\/product"}],"about":[{"href":"https:\/\/www.pomoline.com\/fr\/wp-json\/wp\/v2\/types\/product"}],"wp:featuredmedia":[{"embeddable":true,"href":"https:\/\/www.pomoline.com\/fr\/wp-json\/wp\/v2\/media\/427700"}],"wp:attachment":[{"href":"https:\/\/www.pomoline.com\/fr\/wp-json\/wp\/v2\/media?parent=427703"}],"wp:term":[{"taxonomy":"product_brand","embeddable":true,"href":"https:\/\/www.pomoline.com\/fr\/wp-json\/wp\/v2\/product_brand?post=427703"},{"taxonomy":"product_cat","embeddable":true,"href":"https:\/\/www.pomoline.com\/fr\/wp-json\/wp\/v2\/product_cat?post=427703"},{"taxonomy":"product_tag","embeddable":true,"href":"https:\/\/www.pomoline.com\/fr\/wp-json\/wp\/v2\/product_tag?post=427703"}],"curies":[{"name":"wp","href":"https:\/\/api.w.org\/{rel}","templated":true}]}}